{"id":115,"date":"2026-03-16T09:37:46","date_gmt":"2026-03-16T08:37:46","guid":{"rendered":"https:\/\/matonohova.ssbrno.cz\/?page_id=115"},"modified":"2026-03-24T12:09:13","modified_gmt":"2026-03-24T11:09:13","slug":"sikana-kybersikana","status":"publish","type":"page","link":"https:\/\/matonohova.ssbrno.cz\/en\/sikana-kybersikana\/","title":{"rendered":"Bullying &amp; Cyberbullying"},"content":{"rendered":"<div class=\"wp-block-columns is-layout-flex wp-container-core-columns-is-layout-9d6595d7 wp-block-columns-is-layout-flex\">\n<div class=\"wp-block-column is-layout-flow wp-block-column-is-layout-flow\" style=\"flex-basis:100%\">\n<div class=\"wp-block-group is-nowrap is-layout-flex wp-container-core-group-is-layout-ad2f72ca wp-block-group-is-layout-flex\">\n<p>\u0160ikana ve \u0161kole je z\u00e1va\u017en\u00fd probl\u00e9m vy\u017eaduj\u00edc\u00ed okam\u017eit\u00e9 \u0159e\u0161en\u00ed. Projevuje se fyzick\u00fdm i psychick\u00fdm t\u00fdr\u00e1n\u00edm, soci\u00e1ln\u00edm vylou\u010den\u00edm \u010di kyber\u0161ikanou, p\u0159i\u010dem\u017e nej\u010dast\u011bj\u0161\u00edmi varovn\u00fdmi sign\u00e1ly jsou zm\u011bny chov\u00e1n\u00ed, strach ze \u0161koly, zhor\u0161en\u00fd prosp\u011bch \u010di zni\u010den\u00e9 v\u011bci. \u0160kola m\u00e1 ze z\u00e1kona povinnost zajistit bezpe\u010d\u00ed a \u0161ikanu \u0159e\u0161it, rodi\u010de by m\u011bli situaci \u0159e\u0161it p\u00edsemn\u011b p\u0159es veden\u00ed \u0161koly a trvat na n\u00e1prav\u011b.<\/p>\n\n\n\n<figure class=\"wp-block-gallery has-nested-images columns-default is-cropped wp-block-gallery-1 is-layout-flex wp-block-gallery-is-layout-flex\">\n<figure class=\"wp-block-image size-large\"><img loading=\"lazy\" decoding=\"async\" width=\"1024\" height=\"768\" data-id=\"123\" src=\"https:\/\/matonohova.ssbrno.cz\/wp-content\/uploads\/2026\/03\/Bully-1024x768.png\" alt=\"\" class=\"wp-image-123\" srcset=\"https:\/\/matonohova.ssbrno.cz\/wp-content\/uploads\/2026\/03\/Bully-1024x768.png 1024w, https:\/\/matonohova.ssbrno.cz\/wp-content\/uploads\/2026\/03\/Bully-300x225.png 300w, https:\/\/matonohova.ssbrno.cz\/wp-content\/uploads\/2026\/03\/Bully-768x576.png 768w, https:\/\/matonohova.ssbrno.cz\/wp-content\/uploads\/2026\/03\/Bully-1536x1152.png 1536w, https:\/\/matonohova.ssbrno.cz\/wp-content\/uploads\/2026\/03\/Bully-2048x1536.png 2048w\" sizes=\"auto, (max-width: 767px) 89vw, (max-width: 1000px) 54vw, (max-width: 1071px) 543px, 580px\" \/><\/figure>\n<\/figure>\n<\/div>\n<\/div>\n<\/div>\n\n\n\n<p><strong>Tady je n\u00e1vod, co d\u011blat, kdy\u017e ti n\u011bkdo ubli\u017euje:<\/strong><\/p>\n\n\n\n<ul class=\"wp-block-list\">\n<li><strong>Nen\u00ed to tvoje chyba:<\/strong>&nbsp;Nikdo nem\u00e1 pr\u00e1vo se k tob\u011b takhle chovat. Nejsi v tom s\u00e1m\/sama.<\/li>\n\n\n\n<li><strong>\u0158ekni to dosp\u011bl\u00e9mu:<\/strong>&nbsp;Sv\u011b\u0159 se rodi\u010d\u016fm, obl\u00edben\u00e9mu u\u010diteli nebo \u0161koln\u00edmu psychologovi.&nbsp;<strong>Nahl\u00e1sit \u0161ikanu nen\u00ed \u017ealov\u00e1n\u00ed<\/strong>, ale obrana.<\/li>\n\n\n\n<li><strong>Nereaguj na provokace:<\/strong>&nbsp;Agreso\u0159i cht\u011bj\u00ed vid\u011bt tv\u016fj vztek nebo pl\u00e1\u010d. Zkus zachovat klid, odpov\u011bz kr\u00e1tce (nap\u0159. \u201eNech toho\u201c) a odejdi.<\/li>\n\n\n\n<li><strong>Schov\u00e1vej si d\u016fkazy:<\/strong>&nbsp;Pokud ti p\u00ed\u0161ou hnusn\u00e9 zpr\u00e1vy na internetu, d\u011blej si&nbsp;<strong>screenshoty<\/strong>. \u00dato\u010dn\u00edky si hned zablokuj.<\/li>\n\n\n\n<li><strong>Nez\u016fst\u00e1vej o samot\u011b:<\/strong>&nbsp;O p\u0159est\u00e1vk\u00e1ch se dr\u017e v bl\u00edzkosti u\u010ditel\u016f nebo skupinky spolu\u017e\u00e1k\u016f, kter\u00fdm v\u011b\u0159\u00ed\u0161.<\/li>\n\n\n\n<li><strong>Volej Linku bezpe\u010d\u00ed (116 111):<\/strong>&nbsp;Je to zdarma, anonymn\u00ed a m\u016f\u017ee\u0161 tam zavolat nebo napsat kdykoliv, kdy\u017e si nebude\u0161 v\u011bd\u011bt rady.<\/li>\n<\/ul>\n\n\n<div class=\"wp-block-image\">\n<figure class=\"aligncenter size-full is-resized\"><img loading=\"lazy\" decoding=\"async\" width=\"600\" height=\"311\" src=\"https:\/\/matonohova.ssbrno.cz\/wp-content\/uploads\/2026\/03\/image-12.png\" alt=\"\" class=\"wp-image-119\" style=\"width:430px;height:auto\" srcset=\"https:\/\/matonohova.ssbrno.cz\/wp-content\/uploads\/2026\/03\/image-12.png 600w, https:\/\/matonohova.ssbrno.cz\/wp-content\/uploads\/2026\/03\/image-12-300x156.png 300w\" sizes=\"auto, (max-width: 600px) 100vw, 600px\" \/><\/figure>\n<\/div>\n\n\n<p><strong>Co d\u011blat proti kyber\u0161ikan\u011b:<\/strong><\/p>\n\n\n\n<ul class=\"wp-block-list\">\n<li><strong>Neodpov\u00eddej:<\/strong>&nbsp;To je nejd\u016fle\u017eit\u011bj\u0161\u00ed. \u00dato\u010dn\u00edk \u010dek\u00e1 na tvou na\u0161tvanou nebo smutnou reakci. Kdy\u017e mu ji ned\u00e1\u0161, p\u0159estane ho to bavit.<\/li>\n\n\n\n<li><strong>Blokuj:<\/strong>&nbsp;Okam\u017eit\u011b si \u00fato\u010dn\u00edka zablokuj na v\u0161ech s\u00edt\u00edch (Instagram, TikTok, WhatsApp). Nedej mu \u0161anci ti d\u00e1l ps\u00e1t.<\/li>\n\n\n\n<li><strong>Nema\u017e to (d\u011blej screenshoty):<\/strong>&nbsp;Ne\u017e \u00fatoky sma\u017ee\u0161, ud\u011blej si sn\u00edmky obrazovky. Jsou to tvoje&nbsp;<strong>d\u016fkazy<\/strong>, kter\u00e9 bude\u0161 pot\u0159ebovat pro rodi\u010de, \u0161kolu nebo policii.<\/li>\n\n\n\n<li><strong>Nahl\u00e1sit (Report):<\/strong>&nbsp;Vyu\u017eij tla\u010d\u00edtko \u201eNahl\u00e1sit\u201c p\u0159\u00edmo v aplikaci. Soci\u00e1ln\u00ed s\u00edt\u011b maj\u00ed pravidla a m\u016f\u017eou \u00fato\u010dn\u00edkovi smazat \u00fa\u010det.<\/li>\n\n\n\n<li><strong>Zamkni si profil:<\/strong>&nbsp;Nastav si \u00fa\u010dty jako&nbsp;<strong>soukrom\u00e9<\/strong>. P\u0159id\u00e1vej si jen lidi, kter\u00e9 osobn\u011b zn\u00e1\u0161 a v\u011b\u0159\u00ed\u0161 jim.<\/li>\n\n\n\n<li><strong>Pozor na hesla:<\/strong>&nbsp;Nikdy nikomu (ani nejlep\u0161\u00edmu kamar\u00e1dovi) ned\u00e1vej svoje hesla.<\/li>\n<\/ul>\n\n\n<div class=\"wp-block-image\">\n<figure class=\"aligncenter size-large is-resized\"><img loading=\"lazy\" decoding=\"async\" width=\"1024\" height=\"641\" src=\"https:\/\/matonohova.ssbrno.cz\/wp-content\/uploads\/2026\/03\/image-13-1024x641.png\" alt=\"\" class=\"wp-image-120\" style=\"aspect-ratio:1.5975112954595956;width:452px;height:auto\" srcset=\"https:\/\/matonohova.ssbrno.cz\/wp-content\/uploads\/2026\/03\/image-13-1024x641.png 1024w, https:\/\/matonohova.ssbrno.cz\/wp-content\/uploads\/2026\/03\/image-13-300x188.png 300w, https:\/\/matonohova.ssbrno.cz\/wp-content\/uploads\/2026\/03\/image-13-768x481.png 768w, https:\/\/matonohova.ssbrno.cz\/wp-content\/uploads\/2026\/03\/image-13.png 1368w\" sizes=\"auto, (max-width: 767px) 89vw, (max-width: 1000px) 54vw, (max-width: 1071px) 543px, 580px\" \/><\/figure>\n<\/div>\n\n\n<p><strong>Kontakty s pomoc\u00ed pro d\u011bti a dosp\u00edvaj\u00edc\u00ed:<\/strong><\/p>\n\n\n\n<figure class=\"wp-block-table\"><table class=\"has-fixed-layout\"><tbody><tr><th class=\"has-text-align-left\" data-align=\"left\">Slu\u017eba<\/th><th class=\"has-text-align-left\" data-align=\"left\">Telefon<\/th><th class=\"has-text-align-left\" data-align=\"left\">Web \/ Online pomoc<\/th><th class=\"has-text-align-left\" data-align=\"left\">Provoz<\/th><\/tr><tr><td><strong>Linka bezpe\u010d\u00ed<\/strong><\/td><td><strong>116 111<\/strong><\/td><td>linkabezpeci.cz&nbsp;(chat, e-mail)<\/td><td>24\/7<\/td><\/tr><tr><td><strong>Linka vzkaz dom\u016f<\/strong><\/td><td><strong>800 111 113<\/strong><\/td><td>Pomoc p\u0159i \u00fat\u011bku z domova\/strachu z n\u00e1vratu<\/td><td>24\/7<\/td><\/tr><tr><td><strong>Nenechte to b\u00fdt<\/strong><\/td><td>\u2013<\/td><td>nntb.cz&nbsp;(anonymn\u00ed nahl\u00e1\u0161en\u00ed \u0161kole)<\/td><td>Online<\/td><\/tr><\/tbody><\/table><\/figure>\n\n\n\n<figure class=\"wp-block-embed is-type-video is-provider-youtube wp-block-embed-youtube wp-embed-aspect-16-9 wp-has-aspect-ratio\"><div class=\"wp-block-embed__wrapper\">\n<iframe loading=\"lazy\" title=\"Pavel - \u0161ikana o\u010dima ob\u011bti\" width=\"525\" height=\"295\" src=\"https:\/\/www.youtube.com\/embed\/xaBjACZTNLQ?feature=oembed\" frameborder=\"0\" allow=\"accelerometer; autoplay; clipboard-write; encrypted-media; gyroscope; picture-in-picture; web-share\" referrerpolicy=\"strict-origin-when-cross-origin\" allowfullscreen><\/iframe>\n<\/div><\/figure>\n\n\n<div class=\"wp-block-post-date\"><time datetime=\"2026-03-16T08:29:07.716Z\">16.03.2026<\/time><\/div>\n\n\n<div class=\"wp-block-buttons is-content-justification-center is-layout-flex wp-container-core-buttons-is-layout-16018d1d wp-block-buttons-is-layout-flex\">\n<div class=\"wp-block-button\"><a class=\"wp-block-button__link wp-element-button\" href=\"https:\/\/www.linkabezpeci.cz\/-\/moje-dite-je-sikanovano\" target=\"_blank\">Linka Bezpe\u010d\u00ed<\/a><\/div>\n<\/div>\n\n\n\n<blockquote class=\"wp-block-quote is-layout-flow wp-block-quote-is-layout-flow\">\n<blockquote class=\"wp-block-quote is-layout-flow wp-block-quote-is-layout-flow\">\n<hr class=\"wp-block-separator has-css-opacity is-style-default\"\/>\n\n\n\n<blockquote class=\"wp-block-quote has-text-align-center is-style-large is-layout-flow wp-block-quote-is-layout-flow\">\n<p><strong>\u201eNikdy se nenech vman\u00e9vrovat do ticha. Nikdy ze sebe nenech ud\u011blat ob\u011b\u0165. Nep\u0159ij\u00edmej ni\u010d\u00ed definici tv\u00e9ho \u017eivota, definuj se s\u00e1m.\u201c<\/strong>&nbsp;&nbsp;<\/p>\n<cite>\u2013&nbsp;<em>Harvey Fierstein<\/em><\/cite><\/blockquote>\n\n\n\n<hr class=\"wp-block-separator has-css-opacity is-style-default\"\/>\n<\/blockquote>\n<\/blockquote>\n\n\n\n<p><\/p>","protected":false},"excerpt":{"rendered":"<p>\u0160ikana ve \u0161kole je z\u00e1va\u017en\u00fd probl\u00e9m vy\u017eaduj\u00edc\u00ed okam\u017eit\u00e9 \u0159e\u0161en\u00ed. Projevuje se fyzick\u00fdm i psychick\u00fdm t\u00fdr\u00e1n\u00edm, soci\u00e1ln\u00edm vylou\u010den\u00edm \u010di kyber\u0161ikanou, p\u0159i\u010dem\u017e nej\u010dast\u011bj\u0161\u00edmi varovn\u00fdmi sign\u00e1ly jsou zm\u011bny chov\u00e1n\u00ed, strach ze \u0161koly, zhor\u0161en\u00fd prosp\u011bch \u010di zni\u010den\u00e9 v\u011bci. \u0160kola m\u00e1 ze z\u00e1kona povinnost zajistit bezpe\u010d\u00ed a \u0161ikanu \u0159e\u0161it, rodi\u010de by m\u011bli situaci \u0159e\u0161it p\u00edsemn\u011b p\u0159es veden\u00ed \u0161koly a trvat &hellip; <\/p>\n<p class=\"link-more\"><a href=\"https:\/\/matonohova.ssbrno.cz\/en\/sikana-kybersikana\/\" class=\"more-link\">Continue reading<span class=\"screen-reader-text\"> &#8222;\u0160ikana &amp; Kyber\u0161ikana&#8220;<\/span><\/a><\/p>","protected":false},"author":1,"featured_media":117,"parent":0,"menu_order":0,"comment_status":"closed","ping_status":"closed","template":"","meta":{"_uag_custom_page_level_css":"","footnotes":""},"class_list":["post-115","page","type-page","status-publish","has-post-thumbnail","hentry"],"yoast_head":"<!-- This site is optimized with the Yoast SEO plugin v27.4 - https:\/\/yoast.com\/product\/yoast-seo-wordpress\/ -->\n<title>\u0160ikana &amp; Kyber\u0161ikana - Projekt GELLNERKA<\/title>\n<meta name=\"robots\" content=\"index, follow, max-snippet:-1, max-image-preview:large, max-video-preview:-1\" \/>\n<link rel=\"canonical\" href=\"https:\/\/matonohova.ssbrno.cz\/en\/sikana-kybersikana\/\" \/>\n<meta property=\"og:locale\" content=\"en_GB\" \/>\n<meta property=\"og:type\" content=\"article\" \/>\n<meta property=\"og:title\" content=\"\u0160ikana &amp; Kyber\u0161ikana - Projekt GELLNERKA\" \/>\n<meta property=\"og:description\" content=\"\u0160ikana ve \u0161kole je z\u00e1va\u017en\u00fd probl\u00e9m vy\u017eaduj\u00edc\u00ed okam\u017eit\u00e9 \u0159e\u0161en\u00ed. Projevuje se fyzick\u00fdm i psychick\u00fdm t\u00fdr\u00e1n\u00edm, soci\u00e1ln\u00edm vylou\u010den\u00edm \u010di kyber\u0161ikanou, p\u0159i\u010dem\u017e nej\u010dast\u011bj\u0161\u00edmi varovn\u00fdmi sign\u00e1ly jsou zm\u011bny chov\u00e1n\u00ed, strach ze \u0161koly, zhor\u0161en\u00fd prosp\u011bch \u010di zni\u010den\u00e9 v\u011bci. \u0160kola m\u00e1 ze z\u00e1kona povinnost zajistit bezpe\u010d\u00ed a \u0161ikanu \u0159e\u0161it, rodi\u010de by m\u011bli situaci \u0159e\u0161it p\u00edsemn\u011b p\u0159es veden\u00ed \u0161koly a trvat &hellip; Continue reading &quot;\u0160ikana &amp; Kyber\u0161ikana&quot;\" \/>\n<meta property=\"og:url\" content=\"https:\/\/matonohova.ssbrno.cz\/en\/sikana-kybersikana\/\" \/>\n<meta property=\"og:site_name\" content=\"Projekt GELLNERKA\" \/>\n<meta property=\"article:modified_time\" content=\"2026-03-24T11:09:13+00:00\" \/>\n<meta property=\"og:image\" content=\"https:\/\/matonohova.ssbrno.cz\/wp-content\/uploads\/2026\/03\/children_bullying-scaled.webp\" \/>\n\t<meta property=\"og:image:width\" content=\"2560\" \/>\n\t<meta property=\"og:image:height\" content=\"1707\" \/>\n\t<meta property=\"og:image:type\" content=\"image\/webp\" \/>\n<meta name=\"twitter:card\" content=\"summary_large_image\" \/>\n<meta name=\"twitter:label1\" content=\"Estimated reading time\" \/>\n\t<meta name=\"twitter:data1\" content=\"3 minutes\" \/>\n<script type=\"application\/ld+json\" class=\"yoast-schema-graph\">{\"@context\":\"https:\\\/\\\/schema.org\",\"@graph\":[{\"@type\":\"WebPage\",\"@id\":\"https:\\\/\\\/matonohova.ssbrno.cz\\\/sikana-kybersikana\\\/\",\"url\":\"https:\\\/\\\/matonohova.ssbrno.cz\\\/sikana-kybersikana\\\/\",\"name\":\"\u0160ikana &amp; Kyber\u0161ikana - Projekt GELLNERKA\",\"isPartOf\":{\"@id\":\"https:\\\/\\\/matonohova.ssbrno.cz\\\/#website\"},\"primaryImageOfPage\":{\"@id\":\"https:\\\/\\\/matonohova.ssbrno.cz\\\/sikana-kybersikana\\\/#primaryimage\"},\"image\":{\"@id\":\"https:\\\/\\\/matonohova.ssbrno.cz\\\/sikana-kybersikana\\\/#primaryimage\"},\"thumbnailUrl\":\"https:\\\/\\\/matonohova.ssbrno.cz\\\/wp-content\\\/uploads\\\/2026\\\/03\\\/children_bullying-scaled.webp\",\"datePublished\":\"2026-03-16T08:37:46+00:00\",\"dateModified\":\"2026-03-24T11:09:13+00:00\",\"breadcrumb\":{\"@id\":\"https:\\\/\\\/matonohova.ssbrno.cz\\\/sikana-kybersikana\\\/#breadcrumb\"},\"inLanguage\":\"en-GB\",\"potentialAction\":[{\"@type\":\"ReadAction\",\"target\":[\"https:\\\/\\\/matonohova.ssbrno.cz\\\/sikana-kybersikana\\\/\"]}]},{\"@type\":\"ImageObject\",\"inLanguage\":\"en-GB\",\"@id\":\"https:\\\/\\\/matonohova.ssbrno.cz\\\/sikana-kybersikana\\\/#primaryimage\",\"url\":\"https:\\\/\\\/matonohova.ssbrno.cz\\\/wp-content\\\/uploads\\\/2026\\\/03\\\/children_bullying-scaled.webp\",\"contentUrl\":\"https:\\\/\\\/matonohova.ssbrno.cz\\\/wp-content\\\/uploads\\\/2026\\\/03\\\/children_bullying-scaled.webp\",\"width\":2560,\"height\":1707,\"caption\":\"\u0161ikana\"},{\"@type\":\"BreadcrumbList\",\"@id\":\"https:\\\/\\\/matonohova.ssbrno.cz\\\/sikana-kybersikana\\\/#breadcrumb\",\"itemListElement\":[{\"@type\":\"ListItem\",\"position\":1,\"name\":\"Dom\u016f\",\"item\":\"https:\\\/\\\/matonohova.ssbrno.cz\\\/\"},{\"@type\":\"ListItem\",\"position\":2,\"name\":\"\u0160ikana &amp; Kyber\u0161ikana\"}]},{\"@type\":\"WebSite\",\"@id\":\"https:\\\/\\\/matonohova.ssbrno.cz\\\/#website\",\"url\":\"https:\\\/\\\/matonohova.ssbrno.cz\\\/\",\"name\":\"Projekt GELLNERKA\",\"description\":\"Projekt o na\u0161em n\u00e1vrhu na\u0161\u00ed \u0161koly\",\"potentialAction\":[{\"@type\":\"SearchAction\",\"target\":{\"@type\":\"EntryPoint\",\"urlTemplate\":\"https:\\\/\\\/matonohova.ssbrno.cz\\\/?s={search_term_string}\"},\"query-input\":{\"@type\":\"PropertyValueSpecification\",\"valueRequired\":true,\"valueName\":\"search_term_string\"}}],\"inLanguage\":\"en-GB\"}]}<\/script>\n<!-- \/ Yoast SEO plugin. -->","yoast_head_json":{"title":"\u0160ikana &amp; Kyber\u0161ikana - Projekt GELLNERKA","robots":{"index":"index","follow":"follow","max-snippet":"max-snippet:-1","max-image-preview":"max-image-preview:large","max-video-preview":"max-video-preview:-1"},"canonical":"https:\/\/matonohova.ssbrno.cz\/en\/sikana-kybersikana\/","og_locale":"en_GB","og_type":"article","og_title":"\u0160ikana &amp; Kyber\u0161ikana - Projekt GELLNERKA","og_description":"\u0160ikana ve \u0161kole je z\u00e1va\u017en\u00fd probl\u00e9m vy\u017eaduj\u00edc\u00ed okam\u017eit\u00e9 \u0159e\u0161en\u00ed. Projevuje se fyzick\u00fdm i psychick\u00fdm t\u00fdr\u00e1n\u00edm, soci\u00e1ln\u00edm vylou\u010den\u00edm \u010di kyber\u0161ikanou, p\u0159i\u010dem\u017e nej\u010dast\u011bj\u0161\u00edmi varovn\u00fdmi sign\u00e1ly jsou zm\u011bny chov\u00e1n\u00ed, strach ze \u0161koly, zhor\u0161en\u00fd prosp\u011bch \u010di zni\u010den\u00e9 v\u011bci. \u0160kola m\u00e1 ze z\u00e1kona povinnost zajistit bezpe\u010d\u00ed a \u0161ikanu \u0159e\u0161it, rodi\u010de by m\u011bli situaci \u0159e\u0161it p\u00edsemn\u011b p\u0159es veden\u00ed \u0161koly a trvat &hellip; Continue reading \"\u0160ikana &amp; Kyber\u0161ikana\"","og_url":"https:\/\/matonohova.ssbrno.cz\/en\/sikana-kybersikana\/","og_site_name":"Projekt GELLNERKA","article_modified_time":"2026-03-24T11:09:13+00:00","og_image":[{"width":2560,"height":1707,"url":"https:\/\/matonohova.ssbrno.cz\/wp-content\/uploads\/2026\/03\/children_bullying-scaled.webp","type":"image\/webp"}],"twitter_card":"summary_large_image","twitter_misc":{"Estimated reading time":"3 minutes"},"schema":{"@context":"https:\/\/schema.org","@graph":[{"@type":"WebPage","@id":"https:\/\/matonohova.ssbrno.cz\/sikana-kybersikana\/","url":"https:\/\/matonohova.ssbrno.cz\/sikana-kybersikana\/","name":"\u0160ikana &amp; Kyber\u0161ikana - Projekt GELLNERKA","isPartOf":{"@id":"https:\/\/matonohova.ssbrno.cz\/#website"},"primaryImageOfPage":{"@id":"https:\/\/matonohova.ssbrno.cz\/sikana-kybersikana\/#primaryimage"},"image":{"@id":"https:\/\/matonohova.ssbrno.cz\/sikana-kybersikana\/#primaryimage"},"thumbnailUrl":"https:\/\/matonohova.ssbrno.cz\/wp-content\/uploads\/2026\/03\/children_bullying-scaled.webp","datePublished":"2026-03-16T08:37:46+00:00","dateModified":"2026-03-24T11:09:13+00:00","breadcrumb":{"@id":"https:\/\/matonohova.ssbrno.cz\/sikana-kybersikana\/#breadcrumb"},"inLanguage":"en-GB","potentialAction":[{"@type":"ReadAction","target":["https:\/\/matonohova.ssbrno.cz\/sikana-kybersikana\/"]}]},{"@type":"ImageObject","inLanguage":"en-GB","@id":"https:\/\/matonohova.ssbrno.cz\/sikana-kybersikana\/#primaryimage","url":"https:\/\/matonohova.ssbrno.cz\/wp-content\/uploads\/2026\/03\/children_bullying-scaled.webp","contentUrl":"https:\/\/matonohova.ssbrno.cz\/wp-content\/uploads\/2026\/03\/children_bullying-scaled.webp","width":2560,"height":1707,"caption":"\u0161ikana"},{"@type":"BreadcrumbList","@id":"https:\/\/matonohova.ssbrno.cz\/sikana-kybersikana\/#breadcrumb","itemListElement":[{"@type":"ListItem","position":1,"name":"Dom\u016f","item":"https:\/\/matonohova.ssbrno.cz\/"},{"@type":"ListItem","position":2,"name":"\u0160ikana &amp; Kyber\u0161ikana"}]},{"@type":"WebSite","@id":"https:\/\/matonohova.ssbrno.cz\/#website","url":"https:\/\/matonohova.ssbrno.cz\/","name":"Project Gellnerka","description":"Projekt o na\u0161em n\u00e1vrhu na\u0161\u00ed \u0161koly","potentialAction":[{"@type":"SearchAction","target":{"@type":"EntryPoint","urlTemplate":"https:\/\/matonohova.ssbrno.cz\/?s={search_term_string}"},"query-input":{"@type":"PropertyValueSpecification","valueRequired":true,"valueName":"search_term_string"}}],"inLanguage":"en-GB"}]}},"uagb_featured_image_src":{"full":["https:\/\/matonohova.ssbrno.cz\/wp-content\/uploads\/2026\/03\/children_bullying-scaled.webp",2560,1707,false],"thumbnail":["https:\/\/matonohova.ssbrno.cz\/wp-content\/uploads\/2026\/03\/children_bullying-150x150.webp",150,150,true],"medium":["https:\/\/matonohova.ssbrno.cz\/wp-content\/uploads\/2026\/03\/children_bullying-300x200.webp",300,200,true],"medium_large":["https:\/\/matonohova.ssbrno.cz\/wp-content\/uploads\/2026\/03\/children_bullying-768x512.webp",525,350,true],"large":["https:\/\/matonohova.ssbrno.cz\/wp-content\/uploads\/2026\/03\/children_bullying-1024x683.webp",525,350,true],"1536x1536":["https:\/\/matonohova.ssbrno.cz\/wp-content\/uploads\/2026\/03\/children_bullying-1536x1024.webp",1536,1024,true],"2048x2048":["https:\/\/matonohova.ssbrno.cz\/wp-content\/uploads\/2026\/03\/children_bullying-2048x1365.webp",2048,1365,true],"trp-custom-language-flag":["https:\/\/matonohova.ssbrno.cz\/wp-content\/uploads\/2026\/03\/children_bullying-scaled.webp",18,12,false],"twentyseventeen-featured-image":["https:\/\/matonohova.ssbrno.cz\/wp-content\/uploads\/2026\/03\/children_bullying-2000x1200.webp",2000,1200,true],"twentyseventeen-thumbnail-avatar":["https:\/\/matonohova.ssbrno.cz\/wp-content\/uploads\/2026\/03\/children_bullying-100x100.webp",100,100,true]},"uagb_author_info":{"display_name":"admin","author_link":"https:\/\/matonohova.ssbrno.cz\/en\/author\/admin\/"},"uagb_comment_info":0,"uagb_excerpt":"\u0160ikana ve \u0161kole je z\u00e1va\u017en\u00fd probl\u00e9m vy\u017eaduj\u00edc\u00ed okam\u017eit\u00e9 \u0159e\u0161en\u00ed. Projevuje se fyzick\u00fdm i psychick\u00fdm t\u00fdr\u00e1n\u00edm, soci\u00e1ln\u00edm vylou\u010den\u00edm \u010di kyber\u0161ikanou, p\u0159i\u010dem\u017e nej\u010dast\u011bj\u0161\u00edmi varovn\u00fdmi sign\u00e1ly jsou zm\u011bny chov\u00e1n\u00ed, strach ze \u0161koly, zhor\u0161en\u00fd prosp\u011bch \u010di zni\u010den\u00e9 v\u011bci. \u0160kola m\u00e1 ze z\u00e1kona povinnost zajistit bezpe\u010d\u00ed a \u0161ikanu \u0159e\u0161it, rodi\u010de by m\u011bli situaci \u0159e\u0161it p\u00edsemn\u011b p\u0159es veden\u00ed \u0161koly a trvat&hellip;","_links":{"self":[{"href":"https:\/\/matonohova.ssbrno.cz\/en\/wp-json\/wp\/v2\/pages\/115","targetHints":{"allow":["GET"]}}],"collection":[{"href":"https:\/\/matonohova.ssbrno.cz\/en\/wp-json\/wp\/v2\/pages"}],"about":[{"href":"https:\/\/matonohova.ssbrno.cz\/en\/wp-json\/wp\/v2\/types\/page"}],"author":[{"embeddable":true,"href":"https:\/\/matonohova.ssbrno.cz\/en\/wp-json\/wp\/v2\/users\/1"}],"replies":[{"embeddable":true,"href":"https:\/\/matonohova.ssbrno.cz\/en\/wp-json\/wp\/v2\/comments?post=115"}],"version-history":[{"count":4,"href":"https:\/\/matonohova.ssbrno.cz\/en\/wp-json\/wp\/v2\/pages\/115\/revisions"}],"predecessor-version":[{"id":172,"href":"https:\/\/matonohova.ssbrno.cz\/en\/wp-json\/wp\/v2\/pages\/115\/revisions\/172"}],"wp:featuredmedia":[{"embeddable":true,"href":"https:\/\/matonohova.ssbrno.cz\/en\/wp-json\/wp\/v2\/media\/117"}],"wp:attachment":[{"href":"https:\/\/matonohova.ssbrno.cz\/en\/wp-json\/wp\/v2\/media?parent=115"}],"curies":[{"name":"wp","href":"https:\/\/api.w.org\/{rel}","templated":true}]}}