{"id":136,"date":"2026-03-17T12:28:37","date_gmt":"2026-03-17T11:28:37","guid":{"rendered":"https:\/\/matonohova.ssbrno.cz\/?page_id=136"},"modified":"2026-03-24T12:09:42","modified_gmt":"2026-03-24T11:09:42","slug":"pro-rodice","status":"publish","type":"page","link":"https:\/\/matonohova.ssbrno.cz\/en\/pro-rodice\/","title":{"rendered":"For parents"},"content":{"rendered":"<p>Rodi\u010de jsou pro d\u00edt\u011b nejd\u016fle\u017eit\u011bj\u0161\u00edm filtrem vn\u011bj\u0161\u00edho sv\u011bta.&nbsp;<mark>Prevence z domova nen\u00ed o p\u0159edn\u00e1\u0161k\u00e1ch, ale o&nbsp;<strong>vztahu a postoj\u00edch<\/strong>, kter\u00e9 si d\u00edt\u011b do \u0161koly odn\u00e1\u0161\u00ed<\/mark>.<\/p>\n\n\n\n<p>Zde je 5 kl\u00ed\u010dov\u00fdch pil\u00ed\u0159\u016f, jak m\u016f\u017eete jako rodi\u010d preventivn\u011b p\u016fsobit:<\/p>\n\n\n\n<p><strong>1. Budov\u00e1n\u00ed d\u016fv\u011bry (\u201eBezpe\u010dn\u00fd p\u0159\u00edstav\u201c)<\/strong><\/p>\n\n\n\n<p>Nejlep\u0161\u00ed prevenc\u00ed je v\u011bdom\u00ed d\u00edt\u011bte, \u017ee m\u016f\u017ee p\u0159ij\u00edt s \u010d\u00edmkoliv, ani\u017e by hned n\u00e1sledoval trest nebo panika.<\/p>\n\n\n\n<div class=\"wp-block-group is-nowrap is-layout-flex wp-container-core-group-is-layout-ad2f72ca wp-block-group-is-layout-flex\">\n<ul class=\"wp-block-list\">\n<li><strong>Aktivn\u00ed naslouch\u00e1n\u00ed:<\/strong>&nbsp;M\u00edsto \u201eJak bylo ve \u0161kole?\u201c zkuste \u201eCo t\u011b dneska nejv\u00edc pobavilo\/na\u0161tvalo?\u201c.<\/li>\n\n\n\n<li><strong>Reakce na chybu:<\/strong>&nbsp;Kdy\u017e d\u00edt\u011b n\u011bco provede (nap\u0159. v online h\u0159e), \u0159e\u0161te nejd\u0159\u00edv bezpe\u010d\u00ed a pocity, a\u017e pak d\u016fsledky. Pokud se v\u00e1s bude b\u00e1t, probl\u00e9m ve \u0161kole (\u0161ikanu, drogy) p\u0159ed v\u00e1mi skryje.<\/li>\n<\/ul>\n\n\n\n<figure class=\"wp-block-image size-large\"><img loading=\"lazy\" decoding=\"async\" width=\"1024\" height=\"683\" src=\"https:\/\/matonohova.ssbrno.cz\/wp-content\/uploads\/2026\/03\/image-17-1024x683.png\" alt=\"\" class=\"wp-image-139\" srcset=\"https:\/\/matonohova.ssbrno.cz\/wp-content\/uploads\/2026\/03\/image-17-1024x683.png 1024w, https:\/\/matonohova.ssbrno.cz\/wp-content\/uploads\/2026\/03\/image-17-300x200.png 300w, https:\/\/matonohova.ssbrno.cz\/wp-content\/uploads\/2026\/03\/image-17-768x512.png 768w, https:\/\/matonohova.ssbrno.cz\/wp-content\/uploads\/2026\/03\/image-17-1536x1024.png 1536w, https:\/\/matonohova.ssbrno.cz\/wp-content\/uploads\/2026\/03\/image-17-2048x1365.png 2048w\" sizes=\"auto, (max-width: 767px) 89vw, (max-width: 1000px) 54vw, (max-width: 1071px) 543px, 580px\" \/><\/figure>\n<\/div>\n\n\n\n<p><strong>2. Digit\u00e1ln\u00ed hygiena a bezpe\u010d\u00ed<\/strong><\/p>\n\n\n\n<p>\u0160kola neuhl\u00edd\u00e1 v\u0161e, co se d\u011bje v mobilech o p\u0159est\u00e1vk\u00e1ch.<\/p>\n\n\n\n<div class=\"wp-block-group is-nowrap is-layout-flex wp-container-core-group-is-layout-ad2f72ca wp-block-group-is-layout-flex\">\n<ul class=\"wp-block-list\">\n<li><strong>Pravidla, ne z\u00e1kazy:<\/strong>&nbsp;Dohodn\u011bte se, co je v po\u0159\u00e1dku sd\u00edlet a co u\u017e ne (intimn\u00ed fotky, adresa).<\/li>\n\n\n\n<li><strong>Kritick\u00e9 my\u0161len\u00ed:<\/strong>&nbsp;Bavte se o tom, \u017ee ne v\u0161echno na TikToku je pravda a \u017ee \u201ev\u00fdzvy\u201c (challenges) mohou b\u00fdt nebezpe\u010dn\u00e9.<\/li>\n\n\n\n<li><strong>Rodi\u010d jako vzor:<\/strong>&nbsp;Pokud sami neodlo\u017e\u00edte mobil u ve\u010de\u0159e, d\u00edt\u011b v\u00e1s neposlechne.<\/li>\n<\/ul>\n\n\n\n<figure class=\"wp-block-image size-full is-resized\"><img loading=\"lazy\" decoding=\"async\" width=\"600\" height=\"400\" src=\"https:\/\/matonohova.ssbrno.cz\/wp-content\/uploads\/2026\/03\/image-18.png\" alt=\"\" class=\"wp-image-140\" style=\"width:362px;height:auto\" srcset=\"https:\/\/matonohova.ssbrno.cz\/wp-content\/uploads\/2026\/03\/image-18.png 600w, https:\/\/matonohova.ssbrno.cz\/wp-content\/uploads\/2026\/03\/image-18-300x200.png 300w\" sizes=\"auto, (max-width: 600px) 100vw, 600px\" \/><\/figure>\n<\/div>\n\n\n\n<p><strong>3. Soci\u00e1ln\u00ed dovednosti a hranice<\/strong><\/p>\n\n\n\n<p>D\u00edt\u011b, kter\u00e9 zn\u00e1 svou hodnotu, se h\u016f\u0159e st\u00e1v\u00e1 ob\u011bt\u00ed i agresorem.<\/p>\n\n\n\n<ul class=\"wp-block-list\">\n<li><strong>Um\u011bn\u00ed \u0159\u00edct NE:<\/strong>&nbsp;Tr\u00e9nujte s d\u00edt\u011btem, jak odm\u00edtnout cigaretu nebo \u00fa\u010dast na posm\u00edv\u00e1n\u00ed spolu\u017e\u00e1kovi, ani\u017e by \u201eztratilo tv\u00e1\u0159\u201c.<\/li>\n\n\n\n<li><strong>Respekt k jinakosti:<\/strong>&nbsp;Doma tvo\u0159\u00edte z\u00e1klady toho, jak se d\u00edt\u011b bude chovat k slab\u0161\u00edm nebo odli\u0161n\u00fdm spolu\u017e\u00e1k\u016fm.<\/li>\n<\/ul>\n\n\n\n<p><strong>4. Zdrav\u00e9 n\u00e1vyky a du\u0161evn\u00ed odolnost<\/strong><\/p>\n\n\n\n<div class=\"wp-block-group is-nowrap is-layout-flex wp-container-core-group-is-layout-ad2f72ca wp-block-group-is-layout-flex\">\n<figure class=\"wp-block-image size-full is-resized\"><img loading=\"lazy\" decoding=\"async\" width=\"750\" height=\"450\" src=\"https:\/\/matonohova.ssbrno.cz\/wp-content\/uploads\/2026\/03\/image-19.png\" alt=\"\" class=\"wp-image-141\" style=\"aspect-ratio:1.6667053050500367;width:322px;height:auto\" srcset=\"https:\/\/matonohova.ssbrno.cz\/wp-content\/uploads\/2026\/03\/image-19.png 750w, https:\/\/matonohova.ssbrno.cz\/wp-content\/uploads\/2026\/03\/image-19-300x180.png 300w\" sizes=\"auto, (max-width: 706px) 89vw, (max-width: 767px) 82vw, 740px\" \/><\/figure>\n\n\n\n<ul class=\"wp-block-list\">\n<li><strong>Zvl\u00e1d\u00e1n\u00ed stresu:<\/strong>&nbsp;U\u010dte d\u00edt\u011b, \u017ee ne\u00fasp\u011bch (\u0161patn\u00e1 zn\u00e1mka) nen\u00ed konec sv\u011bta. Pomozte mu naj\u00edt ventily pro nap\u011bt\u00ed (sport, kon\u00ed\u010dky).<\/li>\n\n\n\n<li><strong>Sp\u00e1nek a strava:<\/strong>&nbsp;Unaven\u00e9 a hladov\u00e9 d\u00edt\u011b je emo\u010dn\u011b labiln\u011bj\u0161\u00ed a n\u00e1chyln\u011bj\u0161\u00ed k rizikov\u00e9mu chov\u00e1n\u00ed nebo konflikt\u016fm.<\/li>\n<\/ul>\n<\/div>\n\n\n\n<p><strong>5. V\u0161\u00edmavost (Varovn\u00e9 sign\u00e1ly)<\/strong><\/p>\n\n\n\n<p>Prevence znamen\u00e1 i v\u010das zas\u00e1hnout. Sledujte n\u00e1hl\u00e9 zm\u011bny:<\/p>\n\n\n\n<ul class=\"wp-block-list\">\n<li>D\u00edt\u011b nechce chodit do \u0161koly (bol\u00ed ho b\u0159icho, hlava).<\/li>\n\n\n\n<li>M\u011bn\u00ed se mu parta kamar\u00e1d\u016f nebo se uzav\u00edr\u00e1 do sebe.<\/li>\n\n\n\n<li>Ztr\u00e1cej\u00ed se mu v\u011bci nebo pen\u00edze.<\/li>\n\n\n\n<li>Je po n\u00e1vratu z internetu podr\u00e1\u017ed\u011bn\u00e9 nebo pla\u010dtiv\u00e9.<\/li>\n<\/ul>\n\n\n\n<p>Tady je stru\u010dn\u00e1 verze&nbsp;<strong>tabulky dobr\u00e9ho rodi\u010de<\/strong>:<\/p>\n\n\n\n<figure class=\"wp-block-table\"><table class=\"has-fixed-layout\"><tbody><tr><th class=\"has-text-align-left\" data-align=\"left\">Pil\u00ed\u0159<\/th><th class=\"has-text-align-left\" data-align=\"left\">Co d\u011blat (Stru\u010dn\u011b)<\/th><th class=\"has-text-align-left\" data-align=\"left\">Pro\u010d to funguje<\/th><\/tr><tr><td><strong>Bezpe\u010d\u00ed<\/strong><\/td><td>Milujte d\u00edt\u011b, i kdy\u017e ud\u011bl\u00e1 chybu.<\/td><td>M\u00e1 se kam vr\u00e1tit, kdy\u017e m\u00e1 probl\u00e9m.<\/td><\/tr><tr><td><strong>Hranice<\/strong><\/td><td>Bu\u010fte laskav\u00ed, ale d\u016fsledn\u00ed v pravidlech.<\/td><td>D\u00edt\u011b v\u00ed, co se sm\u00ed, a c\u00edt\u00ed se jist\u011bj\u0161\u00ed.<\/td><\/tr><tr><td><strong>Naslouch\u00e1n\u00ed<\/strong><\/td><td>15 min denn\u011b pln\u00e9 pozornosti bez mobilu.<\/td><td>Budujete d\u016fv\u011bru pro v\u00e1\u017en\u00e1 t\u00e9mata.<\/td><\/tr><tr><td><strong>Vzor<\/strong><\/td><td>Chovejte se tak, jak to chcete od d\u00edt\u011bte.<\/td><td>D\u011bti v\u00edc vid\u00ed, co d\u011bl\u00e1te, ne\u017e co \u0159\u00edk\u00e1te.<\/td><\/tr><tr><td><strong>Samostatnost<\/strong><\/td><td>Nechte ho n\u00e9st n\u00e1sledky vlastn\u00edch chyb.<\/td><td>U\u010d\u00ed se zodpov\u011bdnosti a odolnosti.<\/td><\/tr><\/tbody><\/table><\/figure>\n\n\n\n<figure class=\"wp-block-embed is-type-video is-provider-youtube wp-block-embed-youtube wp-embed-aspect-16-9 wp-has-aspect-ratio\"><div class=\"wp-block-embed__wrapper\">\n<iframe loading=\"lazy\" title=\"Jak poznat psychick\u00e9 probl\u00e9my u d\u00edt\u011bte? Kdy se jedn\u00e1 o v\u00fdvojovou krizi?\" width=\"525\" height=\"295\" src=\"https:\/\/www.youtube.com\/embed\/mbLF2tbt8Is?feature=oembed\" frameborder=\"0\" allow=\"accelerometer; autoplay; clipboard-write; encrypted-media; gyroscope; picture-in-picture; web-share\" referrerpolicy=\"strict-origin-when-cross-origin\" allowfullscreen><\/iframe>\n<\/div><\/figure>\n\n\n\n<p><\/p>\n\n\n\n<hr class=\"wp-block-separator has-css-opacity is-style-default\"\/>\n\n\n\n<blockquote class=\"wp-block-quote has-text-align-center is-style-large is-layout-flow wp-block-quote-is-layout-flow\">\n<p>&#8222;B\u00fdt dobr\u00fdm rodi\u010dem neznamen\u00e1 m\u00edt dokonal\u00e9 d\u00edt\u011b, ale b\u00fdt tu pro n\u011bj, i kdy\u017e dokonal\u00e9 nen\u00ed&#8220;<\/p>\n<\/blockquote>\n\n\n\n<hr class=\"wp-block-separator has-css-opacity is-style-default\"\/>\n\n\n\n<div class=\"wp-block-buttons is-content-justification-center is-layout-flex wp-container-core-buttons-is-layout-16018d1d wp-block-buttons-is-layout-flex\">\n<div class=\"wp-block-button\"><a class=\"wp-block-button__link has-text-align-center wp-element-button\" href=\"https:\/\/www.iprev.cz\/pro-koho-iprev-pro-rodiny-rodice-jak-byt-dost-dobry-rodic\/\" target=\"_blank\">Jak b\u00fdt dobr\u00fd rodi\u010d<\/a><\/div>\n<\/div>\n\n\n<div class=\"wp-block-post-date\"><time datetime=\"2026-03-17T11:27:52.608Z\">17.03.2026<\/time><\/div>\n\n\n<p><\/p>","protected":false},"excerpt":{"rendered":"<p>Rodi\u010de jsou pro d\u00edt\u011b nejd\u016fle\u017eit\u011bj\u0161\u00edm filtrem vn\u011bj\u0161\u00edho sv\u011bta.&nbsp;Prevence z domova nen\u00ed o p\u0159edn\u00e1\u0161k\u00e1ch, ale o&nbsp;vztahu a postoj\u00edch, kter\u00e9 si d\u00edt\u011b do \u0161koly odn\u00e1\u0161\u00ed. Zde je 5 kl\u00ed\u010dov\u00fdch pil\u00ed\u0159\u016f, jak m\u016f\u017eete jako rodi\u010d preventivn\u011b p\u016fsobit: 1. Budov\u00e1n\u00ed d\u016fv\u011bry (\u201eBezpe\u010dn\u00fd p\u0159\u00edstav\u201c) Nejlep\u0161\u00ed prevenc\u00ed je v\u011bdom\u00ed d\u00edt\u011bte, \u017ee m\u016f\u017ee p\u0159ij\u00edt s \u010d\u00edmkoliv, ani\u017e by hned n\u00e1sledoval trest nebo &hellip; <\/p>\n<p class=\"link-more\"><a href=\"https:\/\/matonohova.ssbrno.cz\/en\/pro-rodice\/\" class=\"more-link\">Continue reading<span class=\"screen-reader-text\"> &#8222;Pro rodi\u010de&#8220;<\/span><\/a><\/p>","protected":false},"author":1,"featured_media":138,"parent":0,"menu_order":0,"comment_status":"closed","ping_status":"closed","template":"","meta":{"_uag_custom_page_level_css":"","footnotes":""},"class_list":["post-136","page","type-page","status-publish","has-post-thumbnail","hentry"],"yoast_head":"<!-- This site is optimized with the Yoast SEO plugin v27.4 - https:\/\/yoast.com\/product\/yoast-seo-wordpress\/ -->\n<title>Pro rodi\u010de - Projekt GELLNERKA<\/title>\n<meta name=\"robots\" content=\"index, follow, max-snippet:-1, max-image-preview:large, max-video-preview:-1\" \/>\n<link rel=\"canonical\" href=\"https:\/\/matonohova.ssbrno.cz\/en\/pro-rodice\/\" \/>\n<meta property=\"og:locale\" content=\"en_GB\" \/>\n<meta property=\"og:type\" content=\"article\" \/>\n<meta property=\"og:title\" content=\"Pro rodi\u010de - Projekt GELLNERKA\" \/>\n<meta property=\"og:description\" content=\"Rodi\u010de jsou pro d\u00edt\u011b nejd\u016fle\u017eit\u011bj\u0161\u00edm filtrem vn\u011bj\u0161\u00edho sv\u011bta.&nbsp;Prevence z domova nen\u00ed o p\u0159edn\u00e1\u0161k\u00e1ch, ale o&nbsp;vztahu a postoj\u00edch, kter\u00e9 si d\u00edt\u011b do \u0161koly odn\u00e1\u0161\u00ed. Zde je 5 kl\u00ed\u010dov\u00fdch pil\u00ed\u0159\u016f, jak m\u016f\u017eete jako rodi\u010d preventivn\u011b p\u016fsobit: 1. Budov\u00e1n\u00ed d\u016fv\u011bry (\u201eBezpe\u010dn\u00fd p\u0159\u00edstav\u201c) Nejlep\u0161\u00ed prevenc\u00ed je v\u011bdom\u00ed d\u00edt\u011bte, \u017ee m\u016f\u017ee p\u0159ij\u00edt s \u010d\u00edmkoliv, ani\u017e by hned n\u00e1sledoval trest nebo &hellip; Continue reading &quot;Pro rodi\u010de&quot;\" \/>\n<meta property=\"og:url\" content=\"https:\/\/matonohova.ssbrno.cz\/en\/pro-rodice\/\" \/>\n<meta property=\"og:site_name\" content=\"Projekt GELLNERKA\" \/>\n<meta property=\"article:modified_time\" content=\"2026-03-24T11:09:42+00:00\" \/>\n<meta name=\"twitter:card\" content=\"summary_large_image\" \/>\n<meta name=\"twitter:label1\" content=\"Estimated reading time\" \/>\n\t<meta name=\"twitter:data1\" content=\"3 minutes\" \/>\n<script type=\"application\/ld+json\" class=\"yoast-schema-graph\">{\"@context\":\"https:\\\/\\\/schema.org\",\"@graph\":[{\"@type\":\"WebPage\",\"@id\":\"https:\\\/\\\/matonohova.ssbrno.cz\\\/pro-rodice\\\/\",\"url\":\"https:\\\/\\\/matonohova.ssbrno.cz\\\/pro-rodice\\\/\",\"name\":\"Pro rodi\u010de - Projekt GELLNERKA\",\"isPartOf\":{\"@id\":\"https:\\\/\\\/matonohova.ssbrno.cz\\\/#website\"},\"primaryImageOfPage\":{\"@id\":\"https:\\\/\\\/matonohova.ssbrno.cz\\\/pro-rodice\\\/#primaryimage\"},\"image\":{\"@id\":\"https:\\\/\\\/matonohova.ssbrno.cz\\\/pro-rodice\\\/#primaryimage\"},\"thumbnailUrl\":\"https:\\\/\\\/matonohova.ssbrno.cz\\\/wp-content\\\/uploads\\\/2026\\\/03\\\/parents.avif\",\"datePublished\":\"2026-03-17T11:28:37+00:00\",\"dateModified\":\"2026-03-24T11:09:42+00:00\",\"breadcrumb\":{\"@id\":\"https:\\\/\\\/matonohova.ssbrno.cz\\\/pro-rodice\\\/#breadcrumb\"},\"inLanguage\":\"en-GB\",\"potentialAction\":[{\"@type\":\"ReadAction\",\"target\":[\"https:\\\/\\\/matonohova.ssbrno.cz\\\/pro-rodice\\\/\"]}]},{\"@type\":\"ImageObject\",\"inLanguage\":\"en-GB\",\"@id\":\"https:\\\/\\\/matonohova.ssbrno.cz\\\/pro-rodice\\\/#primaryimage\",\"url\":\"https:\\\/\\\/matonohova.ssbrno.cz\\\/wp-content\\\/uploads\\\/2026\\\/03\\\/parents.avif\",\"contentUrl\":\"https:\\\/\\\/matonohova.ssbrno.cz\\\/wp-content\\\/uploads\\\/2026\\\/03\\\/parents.avif\",\"width\":626,\"height\":566},{\"@type\":\"BreadcrumbList\",\"@id\":\"https:\\\/\\\/matonohova.ssbrno.cz\\\/pro-rodice\\\/#breadcrumb\",\"itemListElement\":[{\"@type\":\"ListItem\",\"position\":1,\"name\":\"Dom\u016f\",\"item\":\"https:\\\/\\\/matonohova.ssbrno.cz\\\/\"},{\"@type\":\"ListItem\",\"position\":2,\"name\":\"Pro rodi\u010de\"}]},{\"@type\":\"WebSite\",\"@id\":\"https:\\\/\\\/matonohova.ssbrno.cz\\\/#website\",\"url\":\"https:\\\/\\\/matonohova.ssbrno.cz\\\/\",\"name\":\"Projekt GELLNERKA\",\"description\":\"Projekt o na\u0161em n\u00e1vrhu na\u0161\u00ed \u0161koly\",\"potentialAction\":[{\"@type\":\"SearchAction\",\"target\":{\"@type\":\"EntryPoint\",\"urlTemplate\":\"https:\\\/\\\/matonohova.ssbrno.cz\\\/?s={search_term_string}\"},\"query-input\":{\"@type\":\"PropertyValueSpecification\",\"valueRequired\":true,\"valueName\":\"search_term_string\"}}],\"inLanguage\":\"en-GB\"}]}<\/script>\n<!-- \/ Yoast SEO plugin. -->","yoast_head_json":{"title":"Pro rodi\u010de - Projekt GELLNERKA","robots":{"index":"index","follow":"follow","max-snippet":"max-snippet:-1","max-image-preview":"max-image-preview:large","max-video-preview":"max-video-preview:-1"},"canonical":"https:\/\/matonohova.ssbrno.cz\/en\/pro-rodice\/","og_locale":"en_GB","og_type":"article","og_title":"Pro rodi\u010de - Projekt GELLNERKA","og_description":"Rodi\u010de jsou pro d\u00edt\u011b nejd\u016fle\u017eit\u011bj\u0161\u00edm filtrem vn\u011bj\u0161\u00edho sv\u011bta.&nbsp;Prevence z domova nen\u00ed o p\u0159edn\u00e1\u0161k\u00e1ch, ale o&nbsp;vztahu a postoj\u00edch, kter\u00e9 si d\u00edt\u011b do \u0161koly odn\u00e1\u0161\u00ed. Zde je 5 kl\u00ed\u010dov\u00fdch pil\u00ed\u0159\u016f, jak m\u016f\u017eete jako rodi\u010d preventivn\u011b p\u016fsobit: 1. Budov\u00e1n\u00ed d\u016fv\u011bry (\u201eBezpe\u010dn\u00fd p\u0159\u00edstav\u201c) Nejlep\u0161\u00ed prevenc\u00ed je v\u011bdom\u00ed d\u00edt\u011bte, \u017ee m\u016f\u017ee p\u0159ij\u00edt s \u010d\u00edmkoliv, ani\u017e by hned n\u00e1sledoval trest nebo &hellip; Continue reading \"Pro rodi\u010de\"","og_url":"https:\/\/matonohova.ssbrno.cz\/en\/pro-rodice\/","og_site_name":"Projekt GELLNERKA","article_modified_time":"2026-03-24T11:09:42+00:00","twitter_card":"summary_large_image","twitter_misc":{"Estimated reading time":"3 minutes"},"schema":{"@context":"https:\/\/schema.org","@graph":[{"@type":"WebPage","@id":"https:\/\/matonohova.ssbrno.cz\/pro-rodice\/","url":"https:\/\/matonohova.ssbrno.cz\/pro-rodice\/","name":"Pro rodi\u010de - Projekt GELLNERKA","isPartOf":{"@id":"https:\/\/matonohova.ssbrno.cz\/#website"},"primaryImageOfPage":{"@id":"https:\/\/matonohova.ssbrno.cz\/pro-rodice\/#primaryimage"},"image":{"@id":"https:\/\/matonohova.ssbrno.cz\/pro-rodice\/#primaryimage"},"thumbnailUrl":"https:\/\/matonohova.ssbrno.cz\/wp-content\/uploads\/2026\/03\/parents.avif","datePublished":"2026-03-17T11:28:37+00:00","dateModified":"2026-03-24T11:09:42+00:00","breadcrumb":{"@id":"https:\/\/matonohova.ssbrno.cz\/pro-rodice\/#breadcrumb"},"inLanguage":"en-GB","potentialAction":[{"@type":"ReadAction","target":["https:\/\/matonohova.ssbrno.cz\/pro-rodice\/"]}]},{"@type":"ImageObject","inLanguage":"en-GB","@id":"https:\/\/matonohova.ssbrno.cz\/pro-rodice\/#primaryimage","url":"https:\/\/matonohova.ssbrno.cz\/wp-content\/uploads\/2026\/03\/parents.avif","contentUrl":"https:\/\/matonohova.ssbrno.cz\/wp-content\/uploads\/2026\/03\/parents.avif","width":626,"height":566},{"@type":"BreadcrumbList","@id":"https:\/\/matonohova.ssbrno.cz\/pro-rodice\/#breadcrumb","itemListElement":[{"@type":"ListItem","position":1,"name":"Dom\u016f","item":"https:\/\/matonohova.ssbrno.cz\/"},{"@type":"ListItem","position":2,"name":"Pro rodi\u010de"}]},{"@type":"WebSite","@id":"https:\/\/matonohova.ssbrno.cz\/#website","url":"https:\/\/matonohova.ssbrno.cz\/","name":"Project Gellnerka","description":"Projekt o na\u0161em n\u00e1vrhu na\u0161\u00ed \u0161koly","potentialAction":[{"@type":"SearchAction","target":{"@type":"EntryPoint","urlTemplate":"https:\/\/matonohova.ssbrno.cz\/?s={search_term_string}"},"query-input":{"@type":"PropertyValueSpecification","valueRequired":true,"valueName":"search_term_string"}}],"inLanguage":"en-GB"}]}},"uagb_featured_image_src":{"full":["https:\/\/matonohova.ssbrno.cz\/wp-content\/uploads\/2026\/03\/parents.avif",626,566,false],"thumbnail":["https:\/\/matonohova.ssbrno.cz\/wp-content\/uploads\/2026\/03\/parents-150x150.jpg",150,150,true],"medium":["https:\/\/matonohova.ssbrno.cz\/wp-content\/uploads\/2026\/03\/parents-300x271.jpg",300,271,true],"medium_large":["https:\/\/matonohova.ssbrno.cz\/wp-content\/uploads\/2026\/03\/parents.avif",525,475,false],"large":["https:\/\/matonohova.ssbrno.cz\/wp-content\/uploads\/2026\/03\/parents.avif",525,475,false],"1536x1536":["https:\/\/matonohova.ssbrno.cz\/wp-content\/uploads\/2026\/03\/parents.avif",626,566,false],"2048x2048":["https:\/\/matonohova.ssbrno.cz\/wp-content\/uploads\/2026\/03\/parents.avif",626,566,false],"trp-custom-language-flag":["https:\/\/matonohova.ssbrno.cz\/wp-content\/uploads\/2026\/03\/parents.avif",13,12,false],"twentyseventeen-featured-image":["https:\/\/matonohova.ssbrno.cz\/wp-content\/uploads\/2026\/03\/parents.avif",626,566,false],"twentyseventeen-thumbnail-avatar":["https:\/\/matonohova.ssbrno.cz\/wp-content\/uploads\/2026\/03\/parents-100x100.jpg",100,100,true]},"uagb_author_info":{"display_name":"admin","author_link":"https:\/\/matonohova.ssbrno.cz\/en\/author\/admin\/"},"uagb_comment_info":0,"uagb_excerpt":"Rodi\u010de jsou pro d\u00edt\u011b nejd\u016fle\u017eit\u011bj\u0161\u00edm filtrem vn\u011bj\u0161\u00edho sv\u011bta.&nbsp;Prevence z domova nen\u00ed o p\u0159edn\u00e1\u0161k\u00e1ch, ale o&nbsp;vztahu a postoj\u00edch, kter\u00e9 si d\u00edt\u011b do \u0161koly odn\u00e1\u0161\u00ed. Zde je 5 kl\u00ed\u010dov\u00fdch pil\u00ed\u0159\u016f, jak m\u016f\u017eete jako rodi\u010d preventivn\u011b p\u016fsobit: 1. Budov\u00e1n\u00ed d\u016fv\u011bry (\u201eBezpe\u010dn\u00fd p\u0159\u00edstav\u201c) Nejlep\u0161\u00ed prevenc\u00ed je v\u011bdom\u00ed d\u00edt\u011bte, \u017ee m\u016f\u017ee p\u0159ij\u00edt s \u010d\u00edmkoliv, ani\u017e by hned n\u00e1sledoval trest nebo&hellip;","_links":{"self":[{"href":"https:\/\/matonohova.ssbrno.cz\/en\/wp-json\/wp\/v2\/pages\/136","targetHints":{"allow":["GET"]}}],"collection":[{"href":"https:\/\/matonohova.ssbrno.cz\/en\/wp-json\/wp\/v2\/pages"}],"about":[{"href":"https:\/\/matonohova.ssbrno.cz\/en\/wp-json\/wp\/v2\/types\/page"}],"author":[{"embeddable":true,"href":"https:\/\/matonohova.ssbrno.cz\/en\/wp-json\/wp\/v2\/users\/1"}],"replies":[{"embeddable":true,"href":"https:\/\/matonohova.ssbrno.cz\/en\/wp-json\/wp\/v2\/comments?post=136"}],"version-history":[{"count":3,"href":"https:\/\/matonohova.ssbrno.cz\/en\/wp-json\/wp\/v2\/pages\/136\/revisions"}],"predecessor-version":[{"id":173,"href":"https:\/\/matonohova.ssbrno.cz\/en\/wp-json\/wp\/v2\/pages\/136\/revisions\/173"}],"wp:featuredmedia":[{"embeddable":true,"href":"https:\/\/matonohova.ssbrno.cz\/en\/wp-json\/wp\/v2\/media\/138"}],"wp:attachment":[{"href":"https:\/\/matonohova.ssbrno.cz\/en\/wp-json\/wp\/v2\/media?parent=136"}],"curies":[{"name":"wp","href":"https:\/\/api.w.org\/{rel}","templated":true}]}}