{"id":210,"date":"2026-03-31T12:26:09","date_gmt":"2026-03-31T10:26:09","guid":{"rendered":"https:\/\/matonohova.ssbrno.cz\/?page_id=210"},"modified":"2026-03-31T12:52:42","modified_gmt":"2026-03-31T10:52:42","slug":"udalosti-na-nasi-skole","status":"publish","type":"page","link":"https:\/\/matonohova.ssbrno.cz\/en\/udalosti-na-nasi-skole\/","title":{"rendered":"Ud\u00e1losti na na\u0161\u00ed \u0161kole"},"content":{"rendered":"<p><strong>Nadch\u00e1zej\u00edc\u00ed:<\/strong><\/p>\n\n\n\n<div class=\"wp-block-buttons is-layout-flex wp-block-buttons-is-layout-flex\">\n<div class=\"wp-block-button\"><a class=\"wp-block-button__link wp-element-button\" href=\"https:\/\/matonohova.ssbrno.cz\/en\/den-otevrenych-dveri\/\">Den otev\u0159en\u00fdch dve\u0159\u00ed<\/a><\/div>\n<\/div>\n\n\n\n<p><\/p>\n\n\n\n<p><strong>Stalo se: <\/strong><\/p>\n\n\n\n<div class=\"wp-block-buttons is-layout-flex wp-block-buttons-is-layout-flex\">\n<div class=\"wp-block-button\"><a class=\"wp-block-button__link wp-element-button\" href=\"https:\/\/matonohova.ssbrno.cz\/en\/sportovni-hry\/\">Sportovn\u00ed hry<\/a><\/div>\n<\/div>\n\n\n\n<div class=\"wp-block-buttons is-layout-flex wp-block-buttons-is-layout-flex\">\n<div class=\"wp-block-button\"><a class=\"wp-block-button__link wp-element-button\" href=\"https:\/\/matonohova.ssbrno.cz\/en\/zahradni-slavnost\/\">Zahradn\u00ed slavnost<\/a><\/div>\n<\/div>\n\n\n\n<div class=\"wp-block-buttons is-layout-flex wp-block-buttons-is-layout-flex\">\n<div class=\"wp-block-button\"><a class=\"wp-block-button__link wp-element-button\" href=\"https:\/\/matonohova.ssbrno.cz\/en\/workshop-zdravi\/\">Workshop Zdrav\u00ed<\/a><\/div>\n<\/div>\n\n\n\n<div class=\"wp-block-buttons is-layout-flex wp-block-buttons-is-layout-flex\">\n<div class=\"wp-block-button\"><a class=\"wp-block-button__link wp-element-button\" href=\"https:\/\/matonohova.ssbrno.cz\/en\/vylet-do-krkonos\/?preview_id=175&amp;preview_nonce=6ee55063f3&amp;preview=true\">Turistick\u00fd pobyt<\/a><\/div>\n<\/div>\n\n\n\n<p><\/p>","protected":false},"excerpt":{"rendered":"<p>Nadch\u00e1zej\u00edc\u00ed: Stalo se:<\/p>","protected":false},"author":1,"featured_media":0,"parent":0,"menu_order":0,"comment_status":"closed","ping_status":"closed","template":"","meta":{"_uag_custom_page_level_css":"","footnotes":""},"class_list":["post-210","page","type-page","status-publish","hentry"],"yoast_head":"<!-- This site is optimized with the Yoast SEO plugin v27.4 - https:\/\/yoast.com\/product\/yoast-seo-wordpress\/ -->\n<title>Ud\u00e1losti na na\u0161\u00ed \u0161kole - Projekt GELLNERKA<\/title>\n<meta name=\"robots\" content=\"index, follow, max-snippet:-1, max-image-preview:large, max-video-preview:-1\" \/>\n<link rel=\"canonical\" href=\"https:\/\/matonohova.ssbrno.cz\/en\/udalosti-na-nasi-skole\/\" \/>\n<meta property=\"og:locale\" content=\"en_GB\" \/>\n<meta property=\"og:type\" content=\"article\" \/>\n<meta property=\"og:title\" content=\"Ud\u00e1losti na na\u0161\u00ed \u0161kole - Projekt GELLNERKA\" \/>\n<meta property=\"og:description\" content=\"Nadch\u00e1zej\u00edc\u00ed: Stalo se:\" \/>\n<meta property=\"og:url\" content=\"https:\/\/matonohova.ssbrno.cz\/en\/udalosti-na-nasi-skole\/\" \/>\n<meta property=\"og:site_name\" content=\"Projekt GELLNERKA\" \/>\n<meta property=\"article:modified_time\" content=\"2026-03-31T10:52:42+00:00\" \/>\n<meta name=\"twitter:card\" content=\"summary_large_image\" \/>\n<script type=\"application\/ld+json\" class=\"yoast-schema-graph\">{\"@context\":\"https:\\\/\\\/schema.org\",\"@graph\":[{\"@type\":\"WebPage\",\"@id\":\"https:\\\/\\\/matonohova.ssbrno.cz\\\/udalosti-na-nasi-skole\\\/\",\"url\":\"https:\\\/\\\/matonohova.ssbrno.cz\\\/udalosti-na-nasi-skole\\\/\",\"name\":\"Ud\u00e1losti na na\u0161\u00ed \u0161kole - Projekt GELLNERKA\",\"isPartOf\":{\"@id\":\"https:\\\/\\\/matonohova.ssbrno.cz\\\/#website\"},\"datePublished\":\"2026-03-31T10:26:09+00:00\",\"dateModified\":\"2026-03-31T10:52:42+00:00\",\"breadcrumb\":{\"@id\":\"https:\\\/\\\/matonohova.ssbrno.cz\\\/udalosti-na-nasi-skole\\\/#breadcrumb\"},\"inLanguage\":\"en-GB\",\"potentialAction\":[{\"@type\":\"ReadAction\",\"target\":[\"https:\\\/\\\/matonohova.ssbrno.cz\\\/udalosti-na-nasi-skole\\\/\"]}]},{\"@type\":\"BreadcrumbList\",\"@id\":\"https:\\\/\\\/matonohova.ssbrno.cz\\\/udalosti-na-nasi-skole\\\/#breadcrumb\",\"itemListElement\":[{\"@type\":\"ListItem\",\"position\":1,\"name\":\"Dom\u016f\",\"item\":\"https:\\\/\\\/matonohova.ssbrno.cz\\\/\"},{\"@type\":\"ListItem\",\"position\":2,\"name\":\"Ud\u00e1losti na na\u0161\u00ed \u0161kole\"}]},{\"@type\":\"WebSite\",\"@id\":\"https:\\\/\\\/matonohova.ssbrno.cz\\\/#website\",\"url\":\"https:\\\/\\\/matonohova.ssbrno.cz\\\/\",\"name\":\"Projekt GELLNERKA\",\"description\":\"Projekt o na\u0161em n\u00e1vrhu na\u0161\u00ed \u0161koly\",\"potentialAction\":[{\"@type\":\"SearchAction\",\"target\":{\"@type\":\"EntryPoint\",\"urlTemplate\":\"https:\\\/\\\/matonohova.ssbrno.cz\\\/?s={search_term_string}\"},\"query-input\":{\"@type\":\"PropertyValueSpecification\",\"valueRequired\":true,\"valueName\":\"search_term_string\"}}],\"inLanguage\":\"en-GB\"}]}<\/script>\n<!-- \/ Yoast SEO plugin. -->","yoast_head_json":{"title":"Ud\u00e1losti na na\u0161\u00ed \u0161kole - Projekt GELLNERKA","robots":{"index":"index","follow":"follow","max-snippet":"max-snippet:-1","max-image-preview":"max-image-preview:large","max-video-preview":"max-video-preview:-1"},"canonical":"https:\/\/matonohova.ssbrno.cz\/en\/udalosti-na-nasi-skole\/","og_locale":"en_GB","og_type":"article","og_title":"Ud\u00e1losti na na\u0161\u00ed \u0161kole - Projekt GELLNERKA","og_description":"Nadch\u00e1zej\u00edc\u00ed: Stalo se:","og_url":"https:\/\/matonohova.ssbrno.cz\/en\/udalosti-na-nasi-skole\/","og_site_name":"Projekt GELLNERKA","article_modified_time":"2026-03-31T10:52:42+00:00","twitter_card":"summary_large_image","schema":{"@context":"https:\/\/schema.org","@graph":[{"@type":"WebPage","@id":"https:\/\/matonohova.ssbrno.cz\/udalosti-na-nasi-skole\/","url":"https:\/\/matonohova.ssbrno.cz\/udalosti-na-nasi-skole\/","name":"Ud\u00e1losti na na\u0161\u00ed \u0161kole - Projekt GELLNERKA","isPartOf":{"@id":"https:\/\/matonohova.ssbrno.cz\/#website"},"datePublished":"2026-03-31T10:26:09+00:00","dateModified":"2026-03-31T10:52:42+00:00","breadcrumb":{"@id":"https:\/\/matonohova.ssbrno.cz\/udalosti-na-nasi-skole\/#breadcrumb"},"inLanguage":"en-GB","potentialAction":[{"@type":"ReadAction","target":["https:\/\/matonohova.ssbrno.cz\/udalosti-na-nasi-skole\/"]}]},{"@type":"BreadcrumbList","@id":"https:\/\/matonohova.ssbrno.cz\/udalosti-na-nasi-skole\/#breadcrumb","itemListElement":[{"@type":"ListItem","position":1,"name":"Dom\u016f","item":"https:\/\/matonohova.ssbrno.cz\/"},{"@type":"ListItem","position":2,"name":"Ud\u00e1losti na na\u0161\u00ed \u0161kole"}]},{"@type":"WebSite","@id":"https:\/\/matonohova.ssbrno.cz\/#website","url":"https:\/\/matonohova.ssbrno.cz\/","name":"Project Gellnerka","description":"Projekt o na\u0161em n\u00e1vrhu na\u0161\u00ed \u0161koly","potentialAction":[{"@type":"SearchAction","target":{"@type":"EntryPoint","urlTemplate":"https:\/\/matonohova.ssbrno.cz\/?s={search_term_string}"},"query-input":{"@type":"PropertyValueSpecification","valueRequired":true,"valueName":"search_term_string"}}],"inLanguage":"en-GB"}]}},"uagb_featured_image_src":{"full":false,"thumbnail":false,"medium":false,"medium_large":false,"large":false,"1536x1536":false,"2048x2048":false,"trp-custom-language-flag":false,"twentyseventeen-featured-image":false,"twentyseventeen-thumbnail-avatar":false},"uagb_author_info":{"display_name":"admin","author_link":"https:\/\/matonohova.ssbrno.cz\/en\/author\/admin\/"},"uagb_comment_info":0,"uagb_excerpt":"Nadch\u00e1zej\u00edc\u00ed: Stalo se:","_links":{"self":[{"href":"https:\/\/matonohova.ssbrno.cz\/en\/wp-json\/wp\/v2\/pages\/210","targetHints":{"allow":["GET"]}}],"collection":[{"href":"https:\/\/matonohova.ssbrno.cz\/en\/wp-json\/wp\/v2\/pages"}],"about":[{"href":"https:\/\/matonohova.ssbrno.cz\/en\/wp-json\/wp\/v2\/types\/page"}],"author":[{"embeddable":true,"href":"https:\/\/matonohova.ssbrno.cz\/en\/wp-json\/wp\/v2\/users\/1"}],"replies":[{"embeddable":true,"href":"https:\/\/matonohova.ssbrno.cz\/en\/wp-json\/wp\/v2\/comments?post=210"}],"version-history":[{"count":3,"href":"https:\/\/matonohova.ssbrno.cz\/en\/wp-json\/wp\/v2\/pages\/210\/revisions"}],"predecessor-version":[{"id":216,"href":"https:\/\/matonohova.ssbrno.cz\/en\/wp-json\/wp\/v2\/pages\/210\/revisions\/216"}],"wp:attachment":[{"href":"https:\/\/matonohova.ssbrno.cz\/en\/wp-json\/wp\/v2\/media?parent=210"}],"curies":[{"name":"wp","href":"https:\/\/api.w.org\/{rel}","templated":true}]}}