{"id":219,"date":"2026-04-07T11:57:11","date_gmt":"2026-04-07T09:57:11","guid":{"rendered":"https:\/\/matonohova.ssbrno.cz\/?page_id=219"},"modified":"2026-04-07T12:00:50","modified_gmt":"2026-04-07T10:00:50","slug":"prispevky","status":"publish","type":"page","link":"https:\/\/matonohova.ssbrno.cz\/en\/prispevky\/","title":{"rendered":"Posts"},"content":{"rendered":"<div class=\"wp-block-uagb-post-grid uagb-post-grid  uagb-post__image-position-top uagb-post__image-enabled uagb-block-ea144d1b     uagb-post__items uagb-post__columns-1 is-grid uagb-post__columns-tablet-2 uagb-post__columns-mobile-1 uagb-post__equal-height\" data-total=\"1\" style=\"\">\n\n\t\t\t\t\t\t\t\t\t\t\t\t<article class=\"uagb-post__inner-wrap\">\t\t\t\t\t\t\t\t<h4 class=\"uagb-post__title uagb-post__text\">\n\t\t\t\t<a href=\"https:\/\/matonohova.ssbrno.cz\/en\/den-otevrenych-dveri\/\" target=\"_self\" rel=\"bookmark noopener noreferrer\">Den otev\u0159en\u00fdch dve\u0159\u00ed<\/a>\n\t\t\t<\/h4>\n\t\t\t\t\t\t<div class='uagb-post__text uagb-post-grid-byline'>\n\t\t\t\t\t\t\t\t<time datetime=\"2026-03-31T12:06:25+02:00\" class=\"uagb-post__date\">\n\t\t\t\t<span class=\"dashicons-calendar dashicons\"><\/span>\t\t\t\t\t31.03.2026\t\t\t\t<\/time>\n\t\t\t\t\t\t\t<div class=\"uagb-post__text\">\n\t\t\t\t\t<span class='uagb-post__taxonomy'>\n\t\t\t\t\t\t<span class=\"dashicons-tag dashicons\"><\/span>\t\t\t\t\t\t<a href=\"https:\/\/matonohova.ssbrno.cz\/en\/category\/pozvanka\/\">Pozv\u00e1nka<\/a>,&nbsp;<a href=\"https:\/\/matonohova.ssbrno.cz\/en\/category\/pro-verejnost\/\">Pro ve\u0159ejnost<\/a>\t\t\t\t\t<\/span>\n\t\t\t\t<\/div>\n\t\t\t\t\t\t\t<\/div>\n\t\t\t\t\t\t\t<div class='uagb-post__text uagb-post__excerpt'>\n\t\t\t\t\t<p>P\u0159ij\u010fte se pod\u00edvat k n\u00e1m na Gellnerku! \ud83d\uddd3 Kdy a kde? Term\u00edn:\u00a0st\u0159eda 8.4. 2026 \u010cas:\u00a09:00 \u2013 17:00 hod. M\u00edsto:\u00a0Gellnerova 66\/1,&#8230;\t\t\t\t<\/div>\n\t\t\t\t\t\t<div class=\"uagb-post__text uagb-post__cta wp-block-button\">\n\t\t\t\t<a class=\"wp-block-button__link uagb-text-link\" style=\"\" href=\"https:\/\/matonohova.ssbrno.cz\/en\/den-otevrenych-dveri\/\" target=\"_self\" rel=\"bookmark noopener noreferrer\">Read More<\/a>\n\t\t\t<\/div>\n\t\t\t\n\t\t\t\t\t\t\t\t\t<\/article>\n\t\t\t\t\t\t\t\t\t\t\t\t\t\t\t\t<article class=\"uagb-post__inner-wrap\">\t\t\t\t\t\t\t\t<h4 class=\"uagb-post__title uagb-post__text\">\n\t\t\t\t<a href=\"https:\/\/matonohova.ssbrno.cz\/en\/sportovni-hry\/\" target=\"_self\" rel=\"bookmark noopener noreferrer\">Protected: Sportovn\u00ed hry<\/a>\n\t\t\t<\/h4>\n\t\t\t\t\t\t<div class='uagb-post__text uagb-post-grid-byline'>\n\t\t\t\t\t\t\t\t<time datetime=\"2026-03-30T09:43:26+02:00\" class=\"uagb-post__date\">\n\t\t\t\t<span class=\"dashicons-calendar dashicons\"><\/span>\t\t\t\t\t30.03.2026\t\t\t\t<\/time>\n\t\t\t\t\t\t\t<div class=\"uagb-post__text\">\n\t\t\t\t\t<span class='uagb-post__taxonomy'>\n\t\t\t\t\t\t<span class=\"dashicons-tag dashicons\"><\/span>\t\t\t\t\t\t<a href=\"https:\/\/matonohova.ssbrno.cz\/en\/category\/akce\/\">Akce<\/a>,&nbsp;<a href=\"https:\/\/matonohova.ssbrno.cz\/en\/category\/sport\/\">Sport<\/a>\t\t\t\t\t<\/span>\n\t\t\t\t<\/div>\n\t\t\t\t\t\t\t<\/div>\n\t\t\t\t\t\t\t<div class='uagb-post__text uagb-post__excerpt'>\n\t\t\t\t\tThere is no excerpt because this is a protected post.\t\t\t\t<\/div>\n\t\t\t\t\t\t\t<div class=\"uagb-post__text uagb-post__cta wp-block-button\">\n\t\t\t\t<a class=\"wp-block-button__link uagb-text-link\" style=\"\" href=\"https:\/\/matonohova.ssbrno.cz\/en\/sportovni-hry\/\" target=\"_self\" rel=\"bookmark noopener noreferrer\">Read More<\/a>\n\t\t\t<\/div>\n\t\t\t\n\t\t\t\t\t\t\t\t\t<\/article>\n\t\t\t\t\t\t\t\t\t\t\t\t\t\t\t\t<article class=\"uagb-post__inner-wrap\">\t\t\t\t\t\t\t\t<h4 class=\"uagb-post__title uagb-post__text\">\n\t\t\t\t<a href=\"https:\/\/matonohova.ssbrno.cz\/en\/vylet-do-krkonos\/\" target=\"_self\" rel=\"bookmark noopener noreferrer\">Protected: V\u00fdlet do Krkono\u0161<\/a>\n\t\t\t<\/h4>\n\t\t\t\t\t\t<div class='uagb-post__text uagb-post-grid-byline'>\n\t\t\t\t\t\t\t\t<time datetime=\"2026-03-30T09:24:50+02:00\" class=\"uagb-post__date\">\n\t\t\t\t<span class=\"dashicons-calendar dashicons\"><\/span>\t\t\t\t\t30.03.2026\t\t\t\t<\/time>\n\t\t\t\t\t\t\t<div class=\"uagb-post__text\">\n\t\t\t\t\t<span class='uagb-post__taxonomy'>\n\t\t\t\t\t\t<span class=\"dashicons-tag dashicons\"><\/span>\t\t\t\t\t\t<a href=\"https:\/\/matonohova.ssbrno.cz\/en\/category\/akce\/\">Akce<\/a>,&nbsp;<a href=\"https:\/\/matonohova.ssbrno.cz\/en\/category\/turistika\/\">Turistika<\/a>\t\t\t\t\t<\/span>\n\t\t\t\t<\/div>\n\t\t\t\t\t\t\t<\/div>\n\t\t\t\t\t\t\t<div class='uagb-post__text uagb-post__excerpt'>\n\t\t\t\t\tThere is no excerpt because this is a protected post.\t\t\t\t<\/div>\n\t\t\t\t\t\t\t<div class=\"uagb-post__text uagb-post__cta wp-block-button\">\n\t\t\t\t<a class=\"wp-block-button__link uagb-text-link\" style=\"\" href=\"https:\/\/matonohova.ssbrno.cz\/en\/vylet-do-krkonos\/\" target=\"_self\" rel=\"bookmark noopener noreferrer\">Read More<\/a>\n\t\t\t<\/div>\n\t\t\t\n\t\t\t\t\t\t\t\t\t<\/article>\n\t\t\t\t\t\t\t\t\t\t\t\t\t\t\t\t<article class=\"uagb-post__inner-wrap\">\t\t\t\t\t\t\t\t<h4 class=\"uagb-post__title uagb-post__text\">\n\t\t\t\t<a href=\"https:\/\/matonohova.ssbrno.cz\/en\/hello-world\/\" target=\"_self\" rel=\"bookmark noopener noreferrer\">Hello world!<\/a>\n\t\t\t<\/h4>\n\t\t\t\t\t\t<div class='uagb-post__text uagb-post-grid-byline'>\n\t\t\t\t\t\t\t\t<time datetime=\"2026-02-22T17:43:41+01:00\" class=\"uagb-post__date\">\n\t\t\t\t<span class=\"dashicons-calendar dashicons\"><\/span>\t\t\t\t\t22.02.2026\t\t\t\t<\/time>\n\t\t\t\t\t\t\t<div class=\"uagb-post__text\">\n\t\t\t\t\t<span class='uagb-post__taxonomy'>\n\t\t\t\t\t\t<span class=\"dashicons-tag dashicons\"><\/span>\t\t\t\t\t\t<a href=\"https:\/\/matonohova.ssbrno.cz\/en\/category\/uncategorized\/\">Uncategorized<\/a>\t\t\t\t\t<\/span>\n\t\t\t\t<\/div>\n\t\t\t\t\t\t\t<\/div>\n\t\t\t\t\t\t\t<div class='uagb-post__text uagb-post__excerpt'>\n\t\t\t\t\t<p>Welcome to WordPress. This is your first post. Edit or delete it, then start writing!<\/p>\n\t\t\t\t<\/div>\n\t\t\t\t\t\t<div class=\"uagb-post__text uagb-post__cta wp-block-button\">\n\t\t\t\t<a class=\"wp-block-button__link uagb-text-link\" style=\"\" href=\"https:\/\/matonohova.ssbrno.cz\/en\/hello-world\/\" target=\"_self\" rel=\"bookmark noopener noreferrer\">Read More<\/a>\n\t\t\t<\/div>\n\t\t\t\n\t\t\t\t\t\t\t\t\t<\/article>\n\t\t\t\t\t\t\t\t\t\t\t<\/div>","protected":false},"excerpt":{"rendered":"","protected":false},"author":1,"featured_media":0,"parent":0,"menu_order":0,"comment_status":"closed","ping_status":"closed","template":"","meta":{"_uag_custom_page_level_css":"","footnotes":""},"class_list":["post-219","page","type-page","status-publish","hentry"],"yoast_head":"<!-- This site is optimized with the Yoast SEO plugin v27.4 - https:\/\/yoast.com\/product\/yoast-seo-wordpress\/ -->\n<title>P\u0159\u00edsp\u011bvky - Projekt GELLNERKA<\/title>\n<meta name=\"robots\" content=\"index, follow, max-snippet:-1, max-image-preview:large, max-video-preview:-1\" \/>\n<link rel=\"canonical\" href=\"https:\/\/matonohova.ssbrno.cz\/en\/prispevky\/\" \/>\n<meta property=\"og:locale\" content=\"en_GB\" \/>\n<meta property=\"og:type\" content=\"article\" \/>\n<meta property=\"og:title\" content=\"P\u0159\u00edsp\u011bvky - Projekt GELLNERKA\" \/>\n<meta property=\"og:url\" content=\"https:\/\/matonohova.ssbrno.cz\/en\/prispevky\/\" \/>\n<meta property=\"og:site_name\" content=\"Projekt GELLNERKA\" \/>\n<meta property=\"article:modified_time\" content=\"2026-04-07T10:00:50+00:00\" \/>\n<meta name=\"twitter:card\" content=\"summary_large_image\" \/>\n<script type=\"application\/ld+json\" class=\"yoast-schema-graph\">{\"@context\":\"https:\\\/\\\/schema.org\",\"@graph\":[{\"@type\":\"WebPage\",\"@id\":\"https:\\\/\\\/matonohova.ssbrno.cz\\\/prispevky\\\/\",\"url\":\"https:\\\/\\\/matonohova.ssbrno.cz\\\/prispevky\\\/\",\"name\":\"P\u0159\u00edsp\u011bvky - Projekt GELLNERKA\",\"isPartOf\":{\"@id\":\"https:\\\/\\\/matonohova.ssbrno.cz\\\/#website\"},\"datePublished\":\"2026-04-07T09:57:11+00:00\",\"dateModified\":\"2026-04-07T10:00:50+00:00\",\"breadcrumb\":{\"@id\":\"https:\\\/\\\/matonohova.ssbrno.cz\\\/prispevky\\\/#breadcrumb\"},\"inLanguage\":\"en-GB\",\"potentialAction\":[{\"@type\":\"ReadAction\",\"target\":[\"https:\\\/\\\/matonohova.ssbrno.cz\\\/prispevky\\\/\"]}]},{\"@type\":\"BreadcrumbList\",\"@id\":\"https:\\\/\\\/matonohova.ssbrno.cz\\\/prispevky\\\/#breadcrumb\",\"itemListElement\":[{\"@type\":\"ListItem\",\"position\":1,\"name\":\"Dom\u016f\",\"item\":\"https:\\\/\\\/matonohova.ssbrno.cz\\\/\"},{\"@type\":\"ListItem\",\"position\":2,\"name\":\"P\u0159\u00edsp\u011bvky\"}]},{\"@type\":\"WebSite\",\"@id\":\"https:\\\/\\\/matonohova.ssbrno.cz\\\/#website\",\"url\":\"https:\\\/\\\/matonohova.ssbrno.cz\\\/\",\"name\":\"Projekt GELLNERKA\",\"description\":\"Projekt o na\u0161em n\u00e1vrhu na\u0161\u00ed \u0161koly\",\"potentialAction\":[{\"@type\":\"SearchAction\",\"target\":{\"@type\":\"EntryPoint\",\"urlTemplate\":\"https:\\\/\\\/matonohova.ssbrno.cz\\\/?s={search_term_string}\"},\"query-input\":{\"@type\":\"PropertyValueSpecification\",\"valueRequired\":true,\"valueName\":\"search_term_string\"}}],\"inLanguage\":\"en-GB\"}]}<\/script>\n<!-- \/ Yoast SEO plugin. -->","yoast_head_json":{"title":"P\u0159\u00edsp\u011bvky - Projekt GELLNERKA","robots":{"index":"index","follow":"follow","max-snippet":"max-snippet:-1","max-image-preview":"max-image-preview:large","max-video-preview":"max-video-preview:-1"},"canonical":"https:\/\/matonohova.ssbrno.cz\/en\/prispevky\/","og_locale":"en_GB","og_type":"article","og_title":"P\u0159\u00edsp\u011bvky - Projekt GELLNERKA","og_url":"https:\/\/matonohova.ssbrno.cz\/en\/prispevky\/","og_site_name":"Projekt GELLNERKA","article_modified_time":"2026-04-07T10:00:50+00:00","twitter_card":"summary_large_image","schema":{"@context":"https:\/\/schema.org","@graph":[{"@type":"WebPage","@id":"https:\/\/matonohova.ssbrno.cz\/prispevky\/","url":"https:\/\/matonohova.ssbrno.cz\/prispevky\/","name":"P\u0159\u00edsp\u011bvky - Projekt GELLNERKA","isPartOf":{"@id":"https:\/\/matonohova.ssbrno.cz\/#website"},"datePublished":"2026-04-07T09:57:11+00:00","dateModified":"2026-04-07T10:00:50+00:00","breadcrumb":{"@id":"https:\/\/matonohova.ssbrno.cz\/prispevky\/#breadcrumb"},"inLanguage":"en-GB","potentialAction":[{"@type":"ReadAction","target":["https:\/\/matonohova.ssbrno.cz\/prispevky\/"]}]},{"@type":"BreadcrumbList","@id":"https:\/\/matonohova.ssbrno.cz\/prispevky\/#breadcrumb","itemListElement":[{"@type":"ListItem","position":1,"name":"Dom\u016f","item":"https:\/\/matonohova.ssbrno.cz\/"},{"@type":"ListItem","position":2,"name":"P\u0159\u00edsp\u011bvky"}]},{"@type":"WebSite","@id":"https:\/\/matonohova.ssbrno.cz\/#website","url":"https:\/\/matonohova.ssbrno.cz\/","name":"Project Gellnerka","description":"Projekt o na\u0161em n\u00e1vrhu na\u0161\u00ed \u0161koly","potentialAction":[{"@type":"SearchAction","target":{"@type":"EntryPoint","urlTemplate":"https:\/\/matonohova.ssbrno.cz\/?s={search_term_string}"},"query-input":{"@type":"PropertyValueSpecification","valueRequired":true,"valueName":"search_term_string"}}],"inLanguage":"en-GB"}]}},"uagb_featured_image_src":{"full":false,"thumbnail":false,"medium":false,"medium_large":false,"large":false,"1536x1536":false,"2048x2048":false,"trp-custom-language-flag":false,"twentyseventeen-featured-image":false,"twentyseventeen-thumbnail-avatar":false},"uagb_author_info":{"display_name":"admin","author_link":"https:\/\/matonohova.ssbrno.cz\/en\/author\/admin\/"},"uagb_comment_info":0,"uagb_excerpt":null,"_links":{"self":[{"href":"https:\/\/matonohova.ssbrno.cz\/en\/wp-json\/wp\/v2\/pages\/219","targetHints":{"allow":["GET"]}}],"collection":[{"href":"https:\/\/matonohova.ssbrno.cz\/en\/wp-json\/wp\/v2\/pages"}],"about":[{"href":"https:\/\/matonohova.ssbrno.cz\/en\/wp-json\/wp\/v2\/types\/page"}],"author":[{"embeddable":true,"href":"https:\/\/matonohova.ssbrno.cz\/en\/wp-json\/wp\/v2\/users\/1"}],"replies":[{"embeddable":true,"href":"https:\/\/matonohova.ssbrno.cz\/en\/wp-json\/wp\/v2\/comments?post=219"}],"version-history":[{"count":4,"href":"https:\/\/matonohova.ssbrno.cz\/en\/wp-json\/wp\/v2\/pages\/219\/revisions"}],"predecessor-version":[{"id":237,"href":"https:\/\/matonohova.ssbrno.cz\/en\/wp-json\/wp\/v2\/pages\/219\/revisions\/237"}],"wp:attachment":[{"href":"https:\/\/matonohova.ssbrno.cz\/en\/wp-json\/wp\/v2\/media?parent=219"}],"curies":[{"name":"wp","href":"https:\/\/api.w.org\/{rel}","templated":true}]}}