{"id":98,"date":"2026-03-10T12:26:42","date_gmt":"2026-03-10T11:26:42","guid":{"rendered":"https:\/\/matonohova.ssbrno.cz\/?page_id=98"},"modified":"2026-03-16T09:20:49","modified_gmt":"2026-03-16T08:20:49","slug":"jak-si-vytvorit-dobry-vztah-k-uceni","status":"publish","type":"page","link":"https:\/\/matonohova.ssbrno.cz\/en\/jak-si-vytvorit-dobry-vztah-k-uceni\/","title":{"rendered":"How to have a good relationship with studying?"},"content":{"rendered":"<p>N\u011bkdy se stane, \u017ee se ti <strong>do u\u010den\u00ed prost\u011b v\u016fbec nechce<\/strong>. Mo\u017en\u00e1 se ti nad \u00fakoly chce sp\u00ed\u0161 mra\u010dit, nebo m\u00e1\u0161 pocit, \u017ee je ti to \u00fapln\u011b jedno. Je to norm\u00e1ln\u00ed, ale pro\u010d se to d\u011bje? A co s t\u00edm m\u016f\u017eou ud\u011blat tvoji rodi\u010de, aby ti pomohli nau\u010dit se v\u0161e zvl\u00e1dat s p\u0159ehledem a v klidu?<\/p>\n\n\n\n<p>Naj\u00edt chu\u0165 k u\u010den\u00ed toti\u017e nen\u00ed jen tak. Z\u00e1le\u017e\u00ed na tom, <strong>jak se zrovna c\u00edt\u00ed\u0161<\/strong>, <strong>co se d\u011bje doma<\/strong> a jak to vypad\u00e1 u v\u00e1s <strong>ve \u0161kole<\/strong>. Je to takov\u00e1 velk\u00e1 skl\u00e1da\u010dka, kterou se pokus\u00edme spole\u010dn\u011b poskl\u00e1dat.<\/p>\n\n\n\n<p>U\u010den\u00ed nemus\u00ed b\u00fdt boj. Sta\u010d\u00ed zn\u00e1t p\u00e1r trik\u016f, jak mozek \u201ehacknout\u201c, aby t\u011b u\u010den\u00ed tolik neunavovalo a zbylo ti v\u00edc \u010dasu na z\u00e1bavu. Poj\u010fme se pod\u00edvat, jak si z u\u010den\u00ed ud\u011blat par\u0165\u00e1ka:<\/p>\n\n\n\n<p><strong>1. Spoj to s t\u00edm, co t\u011b bav\u00ed<\/strong><\/p>\n\n\n\n<div class=\"wp-block-group is-nowrap is-layout-flex wp-container-core-group-is-layout-ad2f72ca wp-block-group-is-layout-flex\">\n<p>U\u010den\u00ed je mnohem v\u011bt\u0161\u00ed z\u00e1bava, kdy\u017e do n\u011bj zam\u00edch\u00e1\u0161 sv\u00e9 kon\u00ed\u010dky. Miluje\u0161 fotbal? Po\u010d\u00edtej matiku p\u0159es g\u00f3ly a tabulky. Bav\u00ed t\u011b zv\u00ed\u0159ata? Tr\u00e9nuj \u010dten\u00ed na zaj\u00edmavostech o p\u0159\u00edrod\u011b. Kdy\u017e v tom najde\u0161 to, co t\u011b fakt zaj\u00edm\u00e1, p\u016fjde ti to skoro samo!<\/p>\n\n\n\n<figure class=\"wp-block-image size-large\"><img loading=\"lazy\" decoding=\"async\" width=\"1253\" height=\"1253\" src=\"https:\/\/matonohova.ssbrno.cz\/wp-content\/uploads\/2026\/03\/image-7-edited.png\" alt=\"\" class=\"wp-image-100\" srcset=\"https:\/\/matonohova.ssbrno.cz\/wp-content\/uploads\/2026\/03\/image-7-edited.png 1253w, https:\/\/matonohova.ssbrno.cz\/wp-content\/uploads\/2026\/03\/image-7-edited-300x300.png 300w, https:\/\/matonohova.ssbrno.cz\/wp-content\/uploads\/2026\/03\/image-7-edited-1024x1024.png 1024w, https:\/\/matonohova.ssbrno.cz\/wp-content\/uploads\/2026\/03\/image-7-edited-150x150.png 150w, https:\/\/matonohova.ssbrno.cz\/wp-content\/uploads\/2026\/03\/image-7-edited-768x768.png 768w, https:\/\/matonohova.ssbrno.cz\/wp-content\/uploads\/2026\/03\/image-7-edited-100x100.png 100w\" sizes=\"auto, (max-width: 767px) 89vw, (max-width: 1000px) 54vw, (max-width: 1071px) 543px, 580px\" \/><\/figure>\n<\/div>\n\n\n\n<p class=\"has-text-align-right\"><strong>2. Raduj se z ka\u017ed\u00e9ho pokroku<\/strong><\/p>\n\n\n\n<div class=\"wp-block-group is-nowrap is-layout-flex wp-container-core-group-is-layout-ad2f72ca wp-block-group-is-layout-flex\">\n<figure class=\"wp-block-image size-full\"><img loading=\"lazy\" decoding=\"async\" width=\"612\" height=\"612\" src=\"https:\/\/matonohova.ssbrno.cz\/wp-content\/uploads\/2026\/03\/image-9.png\" alt=\"\" class=\"wp-image-103\" srcset=\"https:\/\/matonohova.ssbrno.cz\/wp-content\/uploads\/2026\/03\/image-9.png 612w, https:\/\/matonohova.ssbrno.cz\/wp-content\/uploads\/2026\/03\/image-9-300x300.png 300w, https:\/\/matonohova.ssbrno.cz\/wp-content\/uploads\/2026\/03\/image-9-150x150.png 150w, https:\/\/matonohova.ssbrno.cz\/wp-content\/uploads\/2026\/03\/image-9-100x100.png 100w\" sizes=\"auto, (max-width: 612px) 100vw, 612px\" \/><\/figure>\n\n\n\n<p class=\"has-text-align-right\">Kdy\u017e se do n\u011b\u010deho zakousne\u0161, zaslou\u017e\u00ed\u0161 si uzn\u00e1n\u00ed. Ka\u017ed\u00fd mal\u00fd pokrok ti dod\u00e1 s\u00edlu v\u011b\u0159it si a neb\u00e1t se t\u011b\u017e\u0161\u00edch v\u011bc\u00ed. Nezapome\u0148 se po ka\u017ed\u00e9m spln\u011bn\u00e9m \u00fakolu s\u00e1m pochv\u00e1lit nebo si dop\u0159\u00e1t malou odm\u011bnu \u2013 hned uvid\u00ed\u0161, jak t\u011b to nakopne do dal\u0161\u00ed pr\u00e1ce!<br><\/p>\n<\/div>\n\n\n\n<p><strong>3. Vymazli si sv\u00e9 m\u00edsto<\/strong><\/p>\n\n\n\n<div class=\"wp-block-group is-nowrap is-layout-flex wp-container-core-group-is-layout-ad2f72ca wp-block-group-is-layout-flex\">\n<p>U\u010den\u00ed jde l\u00edp, kdy\u017e t\u011b to kolem bav\u00ed. Vyzdob si st\u016fl plak\u00e1ty, obklop se kn\u00ed\u017ekami nebo barevn\u00fdmi fixami. Pou\u017e\u00edvej aplikace a v\u0161echno, co t\u011b inspiruje. Kdy\u017e bude tvoje \u201epracovna\u201c vypadat skv\u011ble, bude\u0161 m\u00edt hned v\u011bt\u0161\u00ed chu\u0165 se do toho pustit!<\/p>\n\n\n\n<figure class=\"wp-block-image size-full\"><img loading=\"lazy\" decoding=\"async\" width=\"793\" height=\"793\" src=\"https:\/\/matonohova.ssbrno.cz\/wp-content\/uploads\/2026\/03\/image-8-edited.png\" alt=\"\" class=\"wp-image-102\" srcset=\"https:\/\/matonohova.ssbrno.cz\/wp-content\/uploads\/2026\/03\/image-8-edited.png 793w, https:\/\/matonohova.ssbrno.cz\/wp-content\/uploads\/2026\/03\/image-8-edited-300x300.png 300w, https:\/\/matonohova.ssbrno.cz\/wp-content\/uploads\/2026\/03\/image-8-edited-150x150.png 150w, https:\/\/matonohova.ssbrno.cz\/wp-content\/uploads\/2026\/03\/image-8-edited-768x768.png 768w, https:\/\/matonohova.ssbrno.cz\/wp-content\/uploads\/2026\/03\/image-8-edited-100x100.png 100w\" sizes=\"auto, (max-width: 767px) 89vw, (max-width: 1000px) 54vw, (max-width: 1071px) 543px, 580px\" \/><\/figure>\n<\/div>\n\n\n\n<p class=\"has-text-align-right\"><mark><strong>4<\/strong><\/mark><strong>. Chyba nen\u00ed nep\u0159\u00edtel, ale k\u00e1mo\u0161<\/strong><\/p>\n\n\n\n<div class=\"wp-block-group is-nowrap is-layout-flex wp-container-core-group-is-layout-ad2f72ca wp-block-group-is-layout-flex\">\n<figure class=\"wp-block-image size-full\"><img loading=\"lazy\" decoding=\"async\" width=\"612\" height=\"357\" src=\"https:\/\/matonohova.ssbrno.cz\/wp-content\/uploads\/2026\/03\/image-10.png\" alt=\"\" class=\"wp-image-104\" srcset=\"https:\/\/matonohova.ssbrno.cz\/wp-content\/uploads\/2026\/03\/image-10.png 612w, https:\/\/matonohova.ssbrno.cz\/wp-content\/uploads\/2026\/03\/image-10-300x175.png 300w\" sizes=\"auto, (max-width: 612px) 100vw, 612px\" \/><\/figure>\n\n\n\n<p class=\"has-text-align-right\">Ni\u010deho se neboj, nikdo u\u010den\u00fd z nebe nespadl! Ani dosp\u011bl\u00ed nezvl\u00e1dnou v\u0161echno hned napoprv\u00e9. Kdy\u017e se ti n\u011bco nepovede, nen\u00ed to \u017e\u00e1dn\u00e1 ostuda, ale \u0161ance zjistit, jak na to p\u0159\u00ed\u0161t\u011b vyzr\u00e1t l\u00edp. M\u00edsto tr\u00e1pen\u00ed se rad\u011bji zeptej: \u201eCo m\u016f\u017eu p\u0159\u00ed\u0161t\u011b zkusit jinak?\u201c D\u016fle\u017eit\u00e9 nen\u00ed b\u00fdt perfektn\u00ed, ale m\u00edt odvahu to zkusit znovu a j\u00edt d\u00e1l s hlavou vzty\u010denou.<\/p>\n<\/div>\n\n\n\n<p><strong>5. Domluv se s rodi\u010di na pohod\u011b<\/strong><\/p>\n\n\n\n<div class=\"wp-block-group is-nowrap is-layout-flex wp-container-core-group-is-layout-ad2f72ca wp-block-group-is-layout-flex\">\n<p>Zkus si s rodi\u010di v klidu promluvit o tom, jak se p\u0159i u\u010den\u00ed c\u00edt\u00ed\u0161. Vysv\u011btli jim, \u017ee velk\u00fd tlak ti sp\u00ed\u0161 bere energii a chu\u0165 se sna\u017eit. Domluvte se, \u017ee m\u00edsto neust\u00e1l\u00e9ho hl\u00edd\u00e1n\u00ed zn\u00e1mek ti rad\u011bji pom\u016f\u017eou, kdy\u017e o to s\u00e1m po\u017e\u00e1d\u00e1\u0161. Kdy\u017e uvid\u00ed, \u017ee m\u00e1\u0161 sv\u016fj syst\u00e9m a sna\u017e\u00ed\u0161 se, budou klidn\u011bj\u0161\u00ed a vy se doma p\u0159estanete kv\u016fli \u0161kole zbyte\u010dn\u011b tr\u00e1pit.<\/p>\n\n\n\n<figure class=\"wp-block-image size-full\"><img loading=\"lazy\" decoding=\"async\" width=\"800\" height=\"640\" src=\"https:\/\/matonohova.ssbrno.cz\/wp-content\/uploads\/2026\/03\/image-11.png\" alt=\"\" class=\"wp-image-105\" srcset=\"https:\/\/matonohova.ssbrno.cz\/wp-content\/uploads\/2026\/03\/image-11.png 800w, https:\/\/matonohova.ssbrno.cz\/wp-content\/uploads\/2026\/03\/image-11-300x240.png 300w, https:\/\/matonohova.ssbrno.cz\/wp-content\/uploads\/2026\/03\/image-11-768x614.png 768w\" sizes=\"auto, (max-width: 767px) 89vw, (max-width: 1000px) 54vw, (max-width: 1071px) 543px, 580px\" \/><\/figure>\n<\/div>\n\n\n\n<figure class=\"wp-block-table\"><table class=\"has-fixed-layout\"><tbody><tr><th class=\"has-text-align-left\" data-align=\"left\">Probl\u00e9m<\/th><th class=\"has-text-align-left\" data-align=\"left\">Co s t\u00edm?<\/th><\/tr><tr><td><strong>Nuda<\/strong><\/td><td>Najdi v tom n\u011bco, co t\u011b bav\u00ed (hry, videa, pokusy).<\/td><\/tr><tr><td><strong>Strach z chyb<\/strong><\/td><td>Neber to jako selh\u00e1n\u00ed, ale jako tr\u00e9nink. P\u0159\u00ed\u0161t\u011b to zkus\u00ed\u0161 jinak.<\/td><\/tr><tr><td><strong>T\u011b\u017ek\u00e1 l\u00e1tka<\/strong><\/td><td>Rozkouskuj si \u00fakol na \u00fapln\u011b mal\u00e9 \u010d\u00e1sti a za\u010dni tou nejleh\u010d\u00ed.<\/td><\/tr><tr><td><strong>Tlak rodi\u010d\u016f<\/strong><\/td><td>V klidu jim vysv\u011btli, \u017ee stres ti nepom\u00e1h\u00e1. Domluvte se na pravidlech.<\/td><\/tr><tr><td><strong>\u00danava<\/strong><\/td><td>Dej si pauzu, napij se vody, vyv\u011btrej nebo se prot\u00e1hni.<\/td><\/tr><tr><td><strong>Ztr\u00e1ta motivace<\/strong><\/td><td>Vymysli si za spln\u011bn\u00fd \u00fakol odm\u011bnu, na kterou se t\u011b\u0161\u00ed\u0161.<\/td><\/tr><\/tbody><\/table><\/figure>\n\n\n\n<figure class=\"wp-block-embed is-type-video is-provider-youtube wp-block-embed-youtube wp-embed-aspect-16-9 wp-has-aspect-ratio\"><div class=\"wp-block-embed__wrapper\">\n<iframe loading=\"lazy\" title=\"JAK SE L\u00c9PE A EFEKTIVN\u011a U\u010cIT?\" width=\"525\" height=\"295\" src=\"https:\/\/www.youtube.com\/embed\/tzLBiBFoaDk?feature=oembed\" frameborder=\"0\" allow=\"accelerometer; autoplay; clipboard-write; encrypted-media; gyroscope; picture-in-picture; web-share\" referrerpolicy=\"strict-origin-when-cross-origin\" allowfullscreen><\/iframe>\n<\/div><\/figure>\n\n\n\n<div class=\"wp-block-buttons is-content-justification-center is-layout-flex wp-container-core-buttons-is-layout-16018d1d wp-block-buttons-is-layout-flex\">\n<div class=\"wp-block-button\"><a class=\"wp-block-button__link wp-element-button\" href=\"https:\/\/kidero.cz\/blog\/pestujte-ve-svem-diteti-pozitivni-vztah-k-uceni\">Tipy pro rodi\u010de<\/a><\/div>\n<\/div>\n\n\n\n<blockquote class=\"wp-block-quote is-layout-flow wp-block-quote-is-layout-flow\">\n<hr class=\"wp-block-separator has-css-opacity is-style-default\"\/>\n\n\n\n<blockquote class=\"wp-block-quote has-text-align-center is-style-large is-layout-flow wp-block-quote-is-layout-flow\">\n<p>&#8222;Jedin\u00fd zp\u016fsob, jak se nau\u010dit n\u011bco nov\u00e9ho, je neb\u00e1t se, \u017ee to na za\u010d\u00e1tku zvor\u00e1\u0161.\u201c<\/p>\n<\/blockquote>\n\n\n\n<hr class=\"wp-block-separator has-css-opacity is-style-default\"\/>\n<\/blockquote>","protected":false},"excerpt":{"rendered":"<p>N\u011bkdy se stane, \u017ee se ti do u\u010den\u00ed prost\u011b v\u016fbec nechce. Mo\u017en\u00e1 se ti nad \u00fakoly chce sp\u00ed\u0161 mra\u010dit, nebo m\u00e1\u0161 pocit, \u017ee je ti to \u00fapln\u011b jedno. Je to norm\u00e1ln\u00ed, ale pro\u010d se to d\u011bje? A co s t\u00edm m\u016f\u017eou ud\u011blat tvoji rodi\u010de, aby ti pomohli nau\u010dit se v\u0161e zvl\u00e1dat s p\u0159ehledem a v &hellip; <\/p>\n<p class=\"link-more\"><a href=\"https:\/\/matonohova.ssbrno.cz\/en\/jak-si-vytvorit-dobry-vztah-k-uceni\/\" class=\"more-link\">Continue reading<span class=\"screen-reader-text\"> &#8222;Jak si vytvo\u0159it dobr\u00fd vztah k u\u010den\u00ed?&#8220;<\/span><\/a><\/p>","protected":false},"author":1,"featured_media":110,"parent":0,"menu_order":0,"comment_status":"closed","ping_status":"closed","template":"","meta":{"_uag_custom_page_level_css":"","footnotes":""},"class_list":["post-98","page","type-page","status-publish","has-post-thumbnail","hentry"],"yoast_head":"<!-- This site is optimized with the Yoast SEO plugin v27.4 - https:\/\/yoast.com\/product\/yoast-seo-wordpress\/ -->\n<title>Jak si vytvo\u0159it dobr\u00fd vztah k u\u010den\u00ed? - Projekt GELLNERKA<\/title>\n<meta name=\"robots\" content=\"index, follow, max-snippet:-1, max-image-preview:large, max-video-preview:-1\" \/>\n<link rel=\"canonical\" href=\"https:\/\/matonohova.ssbrno.cz\/en\/jak-si-vytvorit-dobry-vztah-k-uceni\/\" \/>\n<meta property=\"og:locale\" content=\"en_GB\" \/>\n<meta property=\"og:type\" content=\"article\" \/>\n<meta property=\"og:title\" content=\"Jak si vytvo\u0159it dobr\u00fd vztah k u\u010den\u00ed? - Projekt GELLNERKA\" \/>\n<meta property=\"og:description\" content=\"N\u011bkdy se stane, \u017ee se ti do u\u010den\u00ed prost\u011b v\u016fbec nechce. Mo\u017en\u00e1 se ti nad \u00fakoly chce sp\u00ed\u0161 mra\u010dit, nebo m\u00e1\u0161 pocit, \u017ee je ti to \u00fapln\u011b jedno. Je to norm\u00e1ln\u00ed, ale pro\u010d se to d\u011bje? A co s t\u00edm m\u016f\u017eou ud\u011blat tvoji rodi\u010de, aby ti pomohli nau\u010dit se v\u0161e zvl\u00e1dat s p\u0159ehledem a v &hellip; Continue reading &quot;Jak si vytvo\u0159it dobr\u00fd vztah k u\u010den\u00ed?&quot;\" \/>\n<meta property=\"og:url\" content=\"https:\/\/matonohova.ssbrno.cz\/en\/jak-si-vytvorit-dobry-vztah-k-uceni\/\" \/>\n<meta property=\"og:site_name\" content=\"Projekt GELLNERKA\" \/>\n<meta property=\"article:modified_time\" content=\"2026-03-16T08:20:49+00:00\" \/>\n<meta property=\"og:image\" content=\"https:\/\/matonohova.ssbrno.cz\/wp-content\/uploads\/2026\/03\/cerny-decko-happy.jpg\" \/>\n\t<meta property=\"og:image:width\" content=\"1920\" \/>\n\t<meta property=\"og:image:height\" content=\"1080\" \/>\n\t<meta property=\"og:image:type\" content=\"image\/jpeg\" \/>\n<meta name=\"twitter:card\" content=\"summary_large_image\" \/>\n<meta name=\"twitter:label1\" content=\"Estimated reading time\" \/>\n\t<meta name=\"twitter:data1\" content=\"3 minutes\" \/>\n<script type=\"application\/ld+json\" class=\"yoast-schema-graph\">{\"@context\":\"https:\\\/\\\/schema.org\",\"@graph\":[{\"@type\":\"WebPage\",\"@id\":\"https:\\\/\\\/matonohova.ssbrno.cz\\\/jak-si-vytvorit-dobry-vztah-k-uceni\\\/\",\"url\":\"https:\\\/\\\/matonohova.ssbrno.cz\\\/jak-si-vytvorit-dobry-vztah-k-uceni\\\/\",\"name\":\"Jak si vytvo\u0159it dobr\u00fd vztah k u\u010den\u00ed? - Projekt GELLNERKA\",\"isPartOf\":{\"@id\":\"https:\\\/\\\/matonohova.ssbrno.cz\\\/#website\"},\"primaryImageOfPage\":{\"@id\":\"https:\\\/\\\/matonohova.ssbrno.cz\\\/jak-si-vytvorit-dobry-vztah-k-uceni\\\/#primaryimage\"},\"image\":{\"@id\":\"https:\\\/\\\/matonohova.ssbrno.cz\\\/jak-si-vytvorit-dobry-vztah-k-uceni\\\/#primaryimage\"},\"thumbnailUrl\":\"https:\\\/\\\/matonohova.ssbrno.cz\\\/wp-content\\\/uploads\\\/2026\\\/03\\\/cerny-decko-happy.jpg\",\"datePublished\":\"2026-03-10T11:26:42+00:00\",\"dateModified\":\"2026-03-16T08:20:49+00:00\",\"breadcrumb\":{\"@id\":\"https:\\\/\\\/matonohova.ssbrno.cz\\\/jak-si-vytvorit-dobry-vztah-k-uceni\\\/#breadcrumb\"},\"inLanguage\":\"en-GB\",\"potentialAction\":[{\"@type\":\"ReadAction\",\"target\":[\"https:\\\/\\\/matonohova.ssbrno.cz\\\/jak-si-vytvorit-dobry-vztah-k-uceni\\\/\"]}]},{\"@type\":\"ImageObject\",\"inLanguage\":\"en-GB\",\"@id\":\"https:\\\/\\\/matonohova.ssbrno.cz\\\/jak-si-vytvorit-dobry-vztah-k-uceni\\\/#primaryimage\",\"url\":\"https:\\\/\\\/matonohova.ssbrno.cz\\\/wp-content\\\/uploads\\\/2026\\\/03\\\/cerny-decko-happy.jpg\",\"contentUrl\":\"https:\\\/\\\/matonohova.ssbrno.cz\\\/wp-content\\\/uploads\\\/2026\\\/03\\\/cerny-decko-happy.jpg\",\"width\":1920,\"height\":1080},{\"@type\":\"BreadcrumbList\",\"@id\":\"https:\\\/\\\/matonohova.ssbrno.cz\\\/jak-si-vytvorit-dobry-vztah-k-uceni\\\/#breadcrumb\",\"itemListElement\":[{\"@type\":\"ListItem\",\"position\":1,\"name\":\"Dom\u016f\",\"item\":\"https:\\\/\\\/matonohova.ssbrno.cz\\\/\"},{\"@type\":\"ListItem\",\"position\":2,\"name\":\"Jak si vytvo\u0159it dobr\u00fd vztah k u\u010den\u00ed?\"}]},{\"@type\":\"WebSite\",\"@id\":\"https:\\\/\\\/matonohova.ssbrno.cz\\\/#website\",\"url\":\"https:\\\/\\\/matonohova.ssbrno.cz\\\/\",\"name\":\"Projekt GELLNERKA\",\"description\":\"Projekt o na\u0161em n\u00e1vrhu na\u0161\u00ed \u0161koly\",\"potentialAction\":[{\"@type\":\"SearchAction\",\"target\":{\"@type\":\"EntryPoint\",\"urlTemplate\":\"https:\\\/\\\/matonohova.ssbrno.cz\\\/?s={search_term_string}\"},\"query-input\":{\"@type\":\"PropertyValueSpecification\",\"valueRequired\":true,\"valueName\":\"search_term_string\"}}],\"inLanguage\":\"en-GB\"}]}<\/script>\n<!-- \/ Yoast SEO plugin. -->","yoast_head_json":{"title":"Jak si vytvo\u0159it dobr\u00fd vztah k u\u010den\u00ed? - Projekt GELLNERKA","robots":{"index":"index","follow":"follow","max-snippet":"max-snippet:-1","max-image-preview":"max-image-preview:large","max-video-preview":"max-video-preview:-1"},"canonical":"https:\/\/matonohova.ssbrno.cz\/en\/jak-si-vytvorit-dobry-vztah-k-uceni\/","og_locale":"en_GB","og_type":"article","og_title":"Jak si vytvo\u0159it dobr\u00fd vztah k u\u010den\u00ed? - Projekt GELLNERKA","og_description":"N\u011bkdy se stane, \u017ee se ti do u\u010den\u00ed prost\u011b v\u016fbec nechce. Mo\u017en\u00e1 se ti nad \u00fakoly chce sp\u00ed\u0161 mra\u010dit, nebo m\u00e1\u0161 pocit, \u017ee je ti to \u00fapln\u011b jedno. Je to norm\u00e1ln\u00ed, ale pro\u010d se to d\u011bje? A co s t\u00edm m\u016f\u017eou ud\u011blat tvoji rodi\u010de, aby ti pomohli nau\u010dit se v\u0161e zvl\u00e1dat s p\u0159ehledem a v &hellip; Continue reading \"Jak si vytvo\u0159it dobr\u00fd vztah k u\u010den\u00ed?\"","og_url":"https:\/\/matonohova.ssbrno.cz\/en\/jak-si-vytvorit-dobry-vztah-k-uceni\/","og_site_name":"Projekt GELLNERKA","article_modified_time":"2026-03-16T08:20:49+00:00","og_image":[{"width":1920,"height":1080,"url":"https:\/\/matonohova.ssbrno.cz\/wp-content\/uploads\/2026\/03\/cerny-decko-happy.jpg","type":"image\/jpeg"}],"twitter_card":"summary_large_image","twitter_misc":{"Estimated reading time":"3 minutes"},"schema":{"@context":"https:\/\/schema.org","@graph":[{"@type":"WebPage","@id":"https:\/\/matonohova.ssbrno.cz\/jak-si-vytvorit-dobry-vztah-k-uceni\/","url":"https:\/\/matonohova.ssbrno.cz\/jak-si-vytvorit-dobry-vztah-k-uceni\/","name":"Jak si vytvo\u0159it dobr\u00fd vztah k u\u010den\u00ed? - Projekt GELLNERKA","isPartOf":{"@id":"https:\/\/matonohova.ssbrno.cz\/#website"},"primaryImageOfPage":{"@id":"https:\/\/matonohova.ssbrno.cz\/jak-si-vytvorit-dobry-vztah-k-uceni\/#primaryimage"},"image":{"@id":"https:\/\/matonohova.ssbrno.cz\/jak-si-vytvorit-dobry-vztah-k-uceni\/#primaryimage"},"thumbnailUrl":"https:\/\/matonohova.ssbrno.cz\/wp-content\/uploads\/2026\/03\/cerny-decko-happy.jpg","datePublished":"2026-03-10T11:26:42+00:00","dateModified":"2026-03-16T08:20:49+00:00","breadcrumb":{"@id":"https:\/\/matonohova.ssbrno.cz\/jak-si-vytvorit-dobry-vztah-k-uceni\/#breadcrumb"},"inLanguage":"en-GB","potentialAction":[{"@type":"ReadAction","target":["https:\/\/matonohova.ssbrno.cz\/jak-si-vytvorit-dobry-vztah-k-uceni\/"]}]},{"@type":"ImageObject","inLanguage":"en-GB","@id":"https:\/\/matonohova.ssbrno.cz\/jak-si-vytvorit-dobry-vztah-k-uceni\/#primaryimage","url":"https:\/\/matonohova.ssbrno.cz\/wp-content\/uploads\/2026\/03\/cerny-decko-happy.jpg","contentUrl":"https:\/\/matonohova.ssbrno.cz\/wp-content\/uploads\/2026\/03\/cerny-decko-happy.jpg","width":1920,"height":1080},{"@type":"BreadcrumbList","@id":"https:\/\/matonohova.ssbrno.cz\/jak-si-vytvorit-dobry-vztah-k-uceni\/#breadcrumb","itemListElement":[{"@type":"ListItem","position":1,"name":"Dom\u016f","item":"https:\/\/matonohova.ssbrno.cz\/"},{"@type":"ListItem","position":2,"name":"Jak si vytvo\u0159it dobr\u00fd vztah k u\u010den\u00ed?"}]},{"@type":"WebSite","@id":"https:\/\/matonohova.ssbrno.cz\/#website","url":"https:\/\/matonohova.ssbrno.cz\/","name":"Project Gellnerka","description":"Projekt o na\u0161em n\u00e1vrhu na\u0161\u00ed \u0161koly","potentialAction":[{"@type":"SearchAction","target":{"@type":"EntryPoint","urlTemplate":"https:\/\/matonohova.ssbrno.cz\/?s={search_term_string}"},"query-input":{"@type":"PropertyValueSpecification","valueRequired":true,"valueName":"search_term_string"}}],"inLanguage":"en-GB"}]}},"uagb_featured_image_src":{"full":["https:\/\/matonohova.ssbrno.cz\/wp-content\/uploads\/2026\/03\/cerny-decko-happy.jpg",1920,1080,false],"thumbnail":["https:\/\/matonohova.ssbrno.cz\/wp-content\/uploads\/2026\/03\/cerny-decko-happy-150x150.jpg",150,150,true],"medium":["https:\/\/matonohova.ssbrno.cz\/wp-content\/uploads\/2026\/03\/cerny-decko-happy-300x169.jpg",300,169,true],"medium_large":["https:\/\/matonohova.ssbrno.cz\/wp-content\/uploads\/2026\/03\/cerny-decko-happy-768x432.jpg",525,295,true],"large":["https:\/\/matonohova.ssbrno.cz\/wp-content\/uploads\/2026\/03\/cerny-decko-happy-1024x576.jpg",525,295,true],"1536x1536":["https:\/\/matonohova.ssbrno.cz\/wp-content\/uploads\/2026\/03\/cerny-decko-happy-1536x864.jpg",1536,864,true],"2048x2048":["https:\/\/matonohova.ssbrno.cz\/wp-content\/uploads\/2026\/03\/cerny-decko-happy.jpg",1920,1080,false],"trp-custom-language-flag":["https:\/\/matonohova.ssbrno.cz\/wp-content\/uploads\/2026\/03\/cerny-decko-happy.jpg",18,10,false],"twentyseventeen-featured-image":["https:\/\/matonohova.ssbrno.cz\/wp-content\/uploads\/2026\/03\/cerny-decko-happy.jpg",1920,1080,false],"twentyseventeen-thumbnail-avatar":["https:\/\/matonohova.ssbrno.cz\/wp-content\/uploads\/2026\/03\/cerny-decko-happy-100x100.jpg",100,100,true]},"uagb_author_info":{"display_name":"admin","author_link":"https:\/\/matonohova.ssbrno.cz\/en\/author\/admin\/"},"uagb_comment_info":0,"uagb_excerpt":"N\u011bkdy se stane, \u017ee se ti do u\u010den\u00ed prost\u011b v\u016fbec nechce. Mo\u017en\u00e1 se ti nad \u00fakoly chce sp\u00ed\u0161 mra\u010dit, nebo m\u00e1\u0161 pocit, \u017ee je ti to \u00fapln\u011b jedno. Je to norm\u00e1ln\u00ed, ale pro\u010d se to d\u011bje? A co s t\u00edm m\u016f\u017eou ud\u011blat tvoji rodi\u010de, aby ti pomohli nau\u010dit se v\u0161e zvl\u00e1dat s p\u0159ehledem a v&hellip;","_links":{"self":[{"href":"https:\/\/matonohova.ssbrno.cz\/en\/wp-json\/wp\/v2\/pages\/98","targetHints":{"allow":["GET"]}}],"collection":[{"href":"https:\/\/matonohova.ssbrno.cz\/en\/wp-json\/wp\/v2\/pages"}],"about":[{"href":"https:\/\/matonohova.ssbrno.cz\/en\/wp-json\/wp\/v2\/types\/page"}],"author":[{"embeddable":true,"href":"https:\/\/matonohova.ssbrno.cz\/en\/wp-json\/wp\/v2\/users\/1"}],"replies":[{"embeddable":true,"href":"https:\/\/matonohova.ssbrno.cz\/en\/wp-json\/wp\/v2\/comments?post=98"}],"version-history":[{"count":4,"href":"https:\/\/matonohova.ssbrno.cz\/en\/wp-json\/wp\/v2\/pages\/98\/revisions"}],"predecessor-version":[{"id":114,"href":"https:\/\/matonohova.ssbrno.cz\/en\/wp-json\/wp\/v2\/pages\/98\/revisions\/114"}],"wp:featuredmedia":[{"embeddable":true,"href":"https:\/\/matonohova.ssbrno.cz\/en\/wp-json\/wp\/v2\/media\/110"}],"wp:attachment":[{"href":"https:\/\/matonohova.ssbrno.cz\/en\/wp-json\/wp\/v2\/media?parent=98"}],"curies":[{"name":"wp","href":"https:\/\/api.w.org\/{rel}","templated":true}]}}